
{"id":13493,"date":"2023-02-15T21:52:28","date_gmt":"2023-02-15T21:52:28","guid":{"rendered":"https:\/\/favistor.es\/?page_id=13493"},"modified":"2023-02-16T18:48:36","modified_gmt":"2023-02-16T18:48:36","slug":"noticia-legal","status":"publish","type":"page","link":"https:\/\/favistor.es\/?page_id=13493","title":{"rendered":"Noticia-Legal"},"content":{"rendered":"\t\t<div data-elementor-type=\"wp-page\" data-elementor-id=\"13493\" class=\"elementor elementor-13493\">\n\t\t\t\t\t\t\t\t\t<section class=\"elementor-section elementor-top-section elementor-element elementor-element-41e345e9 elementor-section-content-middle wd-section-stretch-content elementor-section-full_width elementor-section-height-default elementor-section-height-default\" data-id=\"41e345e9\" data-element_type=\"section\">\n\t\t\t\t\t\t<div class=\"elementor-container elementor-column-gap-default\">\n\t\t\t\t\t<div class=\"elementor-column elementor-col-100 elementor-top-column elementor-element elementor-element-475d3b6b\" data-id=\"475d3b6b\" data-element_type=\"column\">\n\t\t\t<div class=\"elementor-widget-wrap elementor-element-populated\">\n\t\t\t\t\t\t\t\t<div class=\"elementor-element elementor-element-7c908962 elementor-widget elementor-widget-wd_title\" data-id=\"7c908962\" data-element_type=\"widget\" data-widget_type=\"wd_title.default\">\n\t\t\t\t<div class=\"elementor-widget-container\">\n\t\t\t\t\t\t<link rel=\"stylesheet\" id=\"wd-section-title-css\" href=\"https:\/\/favistor.es\/wp-content\/themes\/woodmart\/css\/parts\/el-section-title.min.css?ver=7.1.0\" type=\"text\/css\" media=\"all\" \/> \t\t\t\t\t\t<link rel=\"stylesheet\" id=\"wd-mod-highlighted-text-css\" href=\"https:\/\/favistor.es\/wp-content\/themes\/woodmart\/css\/parts\/mod-highlighted-text.min.css?ver=7.1.0\" type=\"text\/css\" media=\"all\" \/> \t\t\t\t\t<div class=\"title-wrapper set-mb-s reset-last-child wd-title-color-default wd-title-style-default wd-title-size-default text-center\">\n\n\t\t\t\n\t\t\t<div class=\"liner-continer\">\n\t\t\t\t<h4 class=\"woodmart-title-container title wd-fontsize-l wd-underline-colored\"> <u>Not\u00edcia legal<\/u> <\/h4> \n\t\t\t\t\t\t\t<\/div>\n\n\t\t\t\t\t<\/div>\n\t\t\t\t<\/div>\n\t\t\t\t<\/div>\n\t\t\t\t<div class=\"elementor-element elementor-element-5ee5f7f6 elementor-widget elementor-widget-wd_text_block\" data-id=\"5ee5f7f6\" data-element_type=\"widget\" data-widget_type=\"wd_text_block.default\">\n\t\t\t\t<div class=\"elementor-widget-container\">\n\t\t\t\t\t\t<link rel=\"stylesheet\" id=\"wd-text-block-css\" href=\"https:\/\/favistor.es\/wp-content\/themes\/woodmart\/css\/parts\/el-text-block.min.css?ver=7.1.0\" type=\"text\/css\" media=\"all\" \/> \t\t\t\t\t<div class=\"wd-text-block reset-last-child text-center\">\n\t\t\t\n\t\t\t<p style=\"text-align: center;\"><span style=\"color: #000000;\"><strong>Not\u00edcia legal<\/strong><\/span><br \/><span style=\"color: #000000;\">Empresa FAVISTOR<\/span><\/p><div class=\"whb-column whb-col-left whb-visible-lg\"><div class=\"wd-header-text set-cont-mb-s reset-last-child \"><a href=\"https:\/\/favistor.es\/#\"><strong>Av. de Monforte de Lemos, 77, 28043 Madrid, Espa\u00f1a<\/strong><\/a><\/div><\/div><p style=\"text-align: center;\"><span style=\"color: #000000;\">contato@favistor.es<\/span><br \/><span style=\"color: #000080;\"><a style=\"color: #000080;\" href=\"https:\/\/favistor.es\/\">www.favistor.es<\/a><\/span><\/p><p style=\"text-align: center;\"><span style=\"color: #000000;\">Copyright \u00a9\ufe0f 2005-2023 FAVISTOR , Todos os direitos reservados.<\/span><\/p><p style=\"text-align: center;\"><span style=\"color: #000000;\">Fotos e Ilustra\u00e7\u00f5es: \u00a9\ufe0f FAVISTOR .<\/span><\/p><p style=\"text-align: center;\"><span style=\"color: #000000;\">Todo este site est\u00e1 sujeito \u00e0s leis aplic\u00e1veis \u200b\u200bde direitos autorais e propriedade intelectual. Todos os textos, imagens ou outros conte\u00fados s\u00e3o protegidos por direitos autorais.<\/span><\/p><p style=\"text-align: center;\"><span style=\"color: #000000;\">Todas as informa\u00e7\u00f5es neste site foram cuidadosamente pesquisadas. No entanto, o editor n\u00e3o pode, de forma alguma, ser responsabilizado pela veracidade das informa\u00e7\u00f5es fornecidas. Todas as informa\u00e7\u00f5es est\u00e3o sujeitas a altera\u00e7\u00f5es ou erros.<\/span><\/p><p style=\"text-align: center;\"><span style=\"color: #000000;\">Apesar do controle cuidadoso do conte\u00fado, n\u00e3o assumimos nenhuma responsabilidade pelo conte\u00fado de links externos. Os operadores desses sites vinculados s\u00e3o os \u00fanicos respons\u00e1veis \u200b\u200bpor seu conte\u00fado.<\/span><\/p><p style=\"text-align: center;\"><span style=\"color: #000000;\">Vida privada<\/span><br \/><span style=\"color: #000000;\">Os seus dados pessoais s\u00f3 podem ser recolhidos e tratados para as finalidades indicadas aquando da sua recolha.<\/span><\/p><p style=\"text-align: center;\"><span style=\"color: #000000;\">Esse website utiliza cookies. Ao usar este site, voc\u00ea concorda que podemos colocar cookies persistentes ou de sess\u00e3o em seu navegador para melhorar a experi\u00eancia do usu\u00e1rio no site e para lembrar as prefer\u00eancias do usu\u00e1rio an\u00f4nimo. Seu navegador oferece a op\u00e7\u00e3o de bloquear cookies e\/ou exclu\u00ed-los de seu sistema.<\/span><\/p><p style=\"text-align: center;\"><span style=\"color: #000000;\">Quando voc\u00ea visita o site, os servidores consultados coletam automaticamente determinados dados transmitidos pelo seu navegador. Essas informa\u00e7\u00f5es s\u00e3o an\u00f4nimas e s\u00e3o armazenadas apenas para medir o n\u00famero de visitantes nas diferentes partes do site e para fazer melhorias.<\/span><\/p><p style=\"text-align: center;\"><span style=\"color: #000000;\">Tem o direito de aceder aos seus dados pessoais, verificar a sua exatid\u00e3o e corrigir eventuais erros. Para fazer isso, voc\u00ea pode entrar em contato com o administrador do site, cujos detalhes de contato s\u00e3o fornecidos abaixo.<\/span><\/p><p style=\"text-align: center;\"><span style=\"color: #000000;\">Endere\u00e7o postal:<\/span><\/p><div class=\"whb-column whb-col-left whb-visible-lg\"><div class=\"wd-header-text set-cont-mb-s reset-last-child \" style=\"text-align: center;\"><a href=\"https:\/\/favistor.es\/#\">Av. de Monforte de Lemos, 77, 28043 Madrid, Espa\u00f1a<\/a><\/div><\/div>\n\t\t\t\t\t<\/div>\n\t\t\t\t<\/div>\n\t\t\t\t<\/div>\n\t\t\t\t\t<\/div>\n\t\t<\/div>\n\t\t\t\t\t\t\t<\/div>\n\t\t<\/section>\n\t\t\t\t\t\t\t<\/div>\n\t\t","protected":false},"excerpt":{"rendered":"<p>Not\u00edcia legal Not\u00edcia legalEmpresa FAVISTOR Av. de Monforte de Lemos, 77, 28043 Madrid, Espa\u00f1a contato@favistor.eswww.favistor.es Copyright \u00a9\ufe0f 2005-2023 FAVISTOR ,<\/p>\n","protected":false},"author":1,"featured_media":0,"parent":0,"menu_order":0,"comment_status":"closed","ping_status":"closed","template":"elementor_header_footer","meta":{"footnotes":""},"class_list":["post-13493","page","type-page","status-publish","hentry"],"jetpack_sharing_enabled":true,"_links":{"self":[{"href":"https:\/\/favistor.es\/index.php?rest_route=\/wp\/v2\/pages\/13493","targetHints":{"allow":["GET"]}}],"collection":[{"href":"https:\/\/favistor.es\/index.php?rest_route=\/wp\/v2\/pages"}],"about":[{"href":"https:\/\/favistor.es\/index.php?rest_route=\/wp\/v2\/types\/page"}],"author":[{"embeddable":true,"href":"https:\/\/favistor.es\/index.php?rest_route=\/wp\/v2\/users\/1"}],"replies":[{"embeddable":true,"href":"https:\/\/favistor.es\/index.php?rest_route=%2Fwp%2Fv2%2Fcomments&post=13493"}],"version-history":[{"count":13,"href":"https:\/\/favistor.es\/index.php?rest_route=\/wp\/v2\/pages\/13493\/revisions"}],"predecessor-version":[{"id":13599,"href":"https:\/\/favistor.es\/index.php?rest_route=\/wp\/v2\/pages\/13493\/revisions\/13599"}],"wp:attachment":[{"href":"https:\/\/favistor.es\/index.php?rest_route=%2Fwp%2Fv2%2Fmedia&parent=13493"}],"curies":[{"name":"wp","href":"https:\/\/api.w.org\/{rel}","templated":true}]}}