
{"id":13511,"date":"2023-02-15T22:12:24","date_gmt":"2023-02-15T22:12:24","guid":{"rendered":"https:\/\/favistor.es\/?page_id=13511"},"modified":"2023-02-15T22:27:03","modified_gmt":"2023-02-15T22:27:03","slug":"politica-de-privacidade","status":"publish","type":"page","link":"https:\/\/favistor.es\/?page_id=13511","title":{"rendered":"Pol\u00edtica de Privacidade"},"content":{"rendered":"\t\t<div data-elementor-type=\"wp-page\" data-elementor-id=\"13511\" class=\"elementor elementor-13511\">\n\t\t\t\t\t\t\t\t\t<section class=\"wd-negative-gap elementor-section elementor-top-section elementor-element elementor-element-f3f60d6 elementor-section-boxed elementor-section-height-default elementor-section-height-default wd-section-disabled\" data-id=\"f3f60d6\" data-element_type=\"section\">\n\t\t\t\t\t\t<div class=\"elementor-container elementor-column-gap-default\">\n\t\t\t\t\t<div class=\"elementor-column elementor-col-100 elementor-top-column elementor-element elementor-element-af9d1ec\" data-id=\"af9d1ec\" data-element_type=\"column\">\n\t\t\t<div class=\"elementor-widget-wrap elementor-element-populated\">\n\t\t\t\t\t\t\t\t<div class=\"elementor-element elementor-element-bef2d90 elementor-widget elementor-widget-wd_text_block\" data-id=\"bef2d90\" data-element_type=\"widget\" data-widget_type=\"wd_text_block.default\">\n\t\t\t\t<div class=\"elementor-widget-container\">\n\t\t\t\t\t\t<link rel=\"stylesheet\" id=\"wd-text-block-css\" href=\"https:\/\/favistor.es\/wp-content\/themes\/woodmart\/css\/parts\/el-text-block.min.css?ver=7.1.0\" type=\"text\/css\" media=\"all\" \/> \t\t\t\t\t<div class=\"wd-text-block reset-last-child text-left\">\n\t\t\t\n\t\t\t<p style=\"text-align: left;\"><span style=\"color: #003300;\">ARTIGO 1: OBJETO<\/span><br \/><span style=\"color: #003300;\">O objetivo desta pol\u00edtica de uso de dados \u00e9 descrever de forma clara e transparente como a FAVISTOR, enquanto respons\u00e1vel pelo tratamento, trata os dados pessoais.<\/span><\/p><p style=\"text-align: left;\"><span style=\"color: #003300;\">Aplica-se a todos os tratamentos de dados pessoais efetuados pela FAVISTOR nos seus websites, aplica\u00e7\u00f5es m\u00f3veis, durante eventos ou feiras, bem como a quaisquer campanhas de marketing direto ou estudos efetuados.<\/span><\/p><p style=\"text-align: left;\"><span style=\"color: #003300;\">Dados pessoais s\u00e3o todas as informa\u00e7\u00f5es relativas a uma pessoa singular identificada ou identific\u00e1vel (doravante \u201ctitular dos dados\u201d); uma \"pessoa singular identific\u00e1vel\" \u00e9 uma pessoa singular que pode ser identificada, direta ou indiretamente, em particular por associa\u00e7\u00e3o a um identificador como um nome, um n\u00famero de identifica\u00e7\u00e3o, dados de localiza\u00e7\u00e3o, um identificador online ou um ou mais elementos espec\u00edficos pr\u00f3prios . sua identidade f\u00edsica, fisiol\u00f3gica, gen\u00e9tica, psicol\u00f3gica, econ\u00f4mica, cultural ou social.<\/span><\/p><p style=\"text-align: left;\"><span style=\"color: #003300;\">A FAVISTOR faz todos os esfor\u00e7os para garantir que esta pol\u00edtica, e como os dados do usu\u00e1rio s\u00e3o tratados na pr\u00e1tica, esteja em conformidade com a Lei de Prote\u00e7\u00e3o de Dados Pessoais alterada e o Regulamento Geral de Prote\u00e7\u00e3o de Dados (ou AVG). A FAVISTOR atua como controlador de dados na acep\u00e7\u00e3o dos regulamentos.<\/span><\/p><p><span style=\"color: #003300;\">ARTIGO 2. DADOS COLETADOS<\/span><br \/><span style=\"color: #003300;\">Qualquer formul\u00e1rio de coleta de dados presente no site da FAVISTOR limita a coleta de dados ao estritamente necess\u00e1rio para os servi\u00e7os oferecidos. Estes dados s\u00e3o recolhidos no quadro abaixo indicado (artigo 3.\u00ba).<\/span><\/p><p><span style=\"color: #003300;\">No entanto, dados adicionais poder\u00e3o ser coletados pelo FAVISTOR caso o usu\u00e1rio opte pelo preenchimento dos campos livres do site.<\/span><\/p><p><span style=\"color: #003300;\">Certos dados devem ser transmitidos para que o usu\u00e1rio possa acessar os servi\u00e7os oferecidos pela FAVISTOR em seu site.<\/span><\/p><p><span style=\"color: #003300;\">ARTIGO 3. M\u00c9TODO DE COLETA<\/span><br \/><span style=\"color: #003300;\">Apenas utilizamos os seus dados pessoais nos casos previstos pela normativa em vigor:<\/span><\/p><p><span style=\"color: #003300;\">A execu\u00e7\u00e3o de um acordo que temos com voc\u00ea,<\/span><br \/><span style=\"color: #003300;\">o cumprimento de uma obriga\u00e7\u00e3o legal,<\/span><br \/><span style=\"color: #003300;\">o seu consentimento para a utiliza\u00e7\u00e3o dos seus dados,<\/span><br \/><span style=\"color: #003300;\">A exist\u00eancia de um interesse leg\u00edtimo na utiliza\u00e7\u00e3o dos seus dados. Interesse leg\u00edtimo \u00e9 um conjunto de motivos comerciais ou profissionais que justificam a utiliza\u00e7\u00e3o dos seus dados pela editora <strong>FAVISTOR<\/strong>.<\/span><\/p><p><span style=\"color: #003300;\">Estas finalidades assentam no interesse leg\u00edtimo da empresa <strong>FAVISTOR<\/strong> em dispor dos dados dos seus utilizadores e contactos.<\/span><\/p><p><span style=\"color: #003300;\">BENEFICI\u00c1RIOS DA COBRAN\u00c7A<\/span><\/p><p><span style=\"color: #003300;\">Os dados destinam-se aos servi\u00e7os da empresa, para responder ao seu pedido (marketing, clientes, etc.) ou s\u00e3o guardados no \u00e2mbito da rela\u00e7\u00e3o contratual.<\/span><\/p><p><span style=\"color: #003300;\">DURA\u00c7AO DA CHAMADA<\/span><\/p><p><span style=\"color: #003300;\">Os dados ser\u00e3o conservados e utilizados durante um per\u00edodo de acordo com a legisla\u00e7\u00e3o aplic\u00e1vel.<\/span><\/p><p><span style=\"color: #003300;\">ARTIGO 4. USO DE DADOS COLETADOS<\/span><br \/><span style=\"color: #003300;\">A MEGA CHAUFFAGE pode utilizar os dados pessoais que det\u00e9m para:<\/span><\/p><p><span style=\"color: #003300;\">\u2013 transmitir informa\u00e7\u00e3o comercial sobre os seus produtos, as suas promo\u00e7\u00f5es, as suas ofertas, bem como outras informa\u00e7\u00f5es relativas aos seus produtos ou servi\u00e7os, adaptadas aos centros de interesse dos interessados;<\/span><\/p><p><span style=\"color: #003300;\">\u2013 Informa\u00e7\u00e3o sobre os produtos e ofertas de terceiros \u2013 clientes ou parceiros comerciais da empresa FAVISTOR\u2013 relacionados com o cargo e\/ou relacionados com um interesse identificado relacionado com a atividade do interessado ou da organiza\u00e7\u00e3o a que pertence;<\/span><\/p><p><span style=\"color: #003300;\">\u2013 comercializar esta informa\u00e7\u00e3o sob a forma de bases de dados qualificadas a terceiros \u2013 clientes ou parceiros comerciais da empresa FAVISTOR \u2013 em rela\u00e7\u00e3o \u00e0 fun\u00e7\u00e3o e\/ou em rela\u00e7\u00e3o a um interesse identificado para a atividade do interessado ou da organiza\u00e7\u00e3o a que pertence;<\/span><\/p><p><span style=\"color: #003300;\">Esses dados pessoais s\u00e3o usados \u200b\u200bpela FAVISTOR como parte de suas atividades relacionadas \u00e0 promo\u00e7\u00e3o de seus pr\u00f3prios produtos e servi\u00e7os como prospec\u00e7\u00e3o de clientes em nome de terceiros. Eles s\u00f3 ser\u00e3o usados \u200b\u200bdentro dos limites estritos da lei aplic\u00e1vel.<\/span><\/p><p>\u00a0<\/p><p><span style=\"color: #003300;\">ARTIGO 5. HOSPEDAGEM DE DADOS<\/span><br \/><span style=\"color: #003300;\">Todos os dados coletados e processados \u200b\u200bpela FAVISTOR s\u00e3o hospedados na Uni\u00e3o Europeia. No entanto, caso um dos seus subcontratantes esteja localizado fora da Uni\u00e3o Europeia, a FAVISTOR compromete-se a tomar todas as medidas necess\u00e1rias para garantir a seguran\u00e7a dos dados dos seus clientes e utilizadores.<\/span><\/p><p><span style=\"color: #003300;\">A FAVISTOR compromete-se ainda a verificar se estes prestadores de servi\u00e7os cumprem os seus requisitos de seguran\u00e7a e confidencialidade de dados ao longo da rela\u00e7\u00e3o contratual. Na sua falta, a FAVISTOR compromete-se a p\u00f4r termo \u00e0 mesma.<\/span><\/p><p><span style=\"color: #003300;\">ARTIGO 6. DIREITOS DO USU\u00c1RIO SOBRE SEUS DADOS<\/span><br \/><span style=\"color: #003300;\">De acordo com a lei de prote\u00e7\u00e3o de dados alterada e o GDPR, o usu\u00e1rio tem os seguintes direitos sobre seus dados:<\/span><\/p><p><span style=\"color: #003300;\">\u2022 O direito de solicitar o acesso aos dados processados.<\/span><br \/><span style=\"color: #003300;\">\u2022 O direito de solicitar a retifica\u00e7\u00e3o ou elimina\u00e7\u00e3o dos dados tratados.<\/span><br \/><span style=\"color: #003300;\">\u2022 O direito de limitar o processamento de seus dados.<\/span><br \/><span style=\"color: #003300;\">\u2022 O direito de se opor ao tratamento dos seus dados.<\/span><br \/><span style=\"color: #003300;\">\u2022 O direito \u00e0 portabilidade de dados.<\/span><br \/><span style=\"color: #003300;\">\u2022 O direito de reclamar junto da CNIL.<\/span><\/p><p><span style=\"color: #003300;\">Para qualquer quest\u00e3o relativa ao tratamento dos seus dados e ao exerc\u00edcio dos seus direitos relativamente aos mesmos (ver artigo 6.\u00ba do presente regulamento), o utilizador dever\u00e1 contactar o Encarregado da Prote\u00e7\u00e3o de Dados atrav\u00e9s do seguinte endere\u00e7o: <strong>contato@favistor.es<\/strong><\/span><\/p><p><span style=\"color: #003300;\">Este \u00faltimo compromete-se a responder no prazo de 15 dias.<\/span><\/p><p><span style=\"color: #003300;\">ARTIGO 7. USO DE COOKIES<\/span><br \/><span style=\"color: #003300;\">O que \u00e9 um biscoito?<\/span><\/p><p><span style=\"color: #003300;\">Um cookie \u00e9 um arquivo de texto que \u00e9 colocado quando voc\u00ea visita um site, aplicativo ou an\u00fancio online e \u00e9 armazenado em um local espec\u00edfico no disco r\u00edgido do seu computador ou dispositivo m\u00f3vel. Os cookies s\u00e3o geridos pelo seu navegador de internet e apenas o emissor de um cookie pode decidir ler ou modificar a informa\u00e7\u00e3o que cont\u00e9m.<\/span><\/p><p><span style=\"color: #003300;\">Um cookie tem um per\u00edodo de validade limitado. O arquivamento e armazenamento no seu terminal s\u00e3o realizados de acordo com a legisla\u00e7\u00e3o aplic\u00e1vel e sujeitos \u00e0s decis\u00f5es que voc\u00ea tomou, que voc\u00ea pode modificar a qualquer momento.<\/span><\/p><p><span style=\"color: #003300;\">Um cookie n\u00e3o o identifica pessoalmente. Permite ao editor reconhecer o seu terminal e recolher uma certa quantidade de informa\u00e7\u00e3o relativa \u00e0 navega\u00e7\u00e3o realizada a partir deste terminal.<\/span><\/p><p><span style=\"color: #003300;\">SE\u00c7\u00c3O 8. MUDAN\u00c7AS NESTA POL\u00cdTICA<\/span><br \/><span style=\"color: #003300;\">Atualizamos e atualizamos regularmente este Aviso de Privacidade. No caso de grandes altera\u00e7\u00f5es que possam afetar os direitos dos usu\u00e1rios do FAVISTOR, anunciaremos essas altera\u00e7\u00f5es com anteced\u00eancia. Esta informa\u00e7\u00e3o \u00e9 dada por escrito.<\/span><\/p><p><span style=\"color: #003300;\">Se tiver alguma d\u00favida sobre esta declara\u00e7\u00e3o de prote\u00e7\u00e3o de dados ou se desejar exercer o seu direito de informa\u00e7\u00e3o, retifica\u00e7\u00e3o ou elimina\u00e7\u00e3o dos dados que lhe dizem respeito, pode contactar-nos atrav\u00e9s do seguinte endere\u00e7o: <strong>contato@favistor.es<\/strong><\/span><\/p><p>\u00a0<\/p><p>\u00a0<\/p><p>\u00a0<\/p>\n\t\t\t\t\t<\/div>\n\t\t\t\t<\/div>\n\t\t\t\t<\/div>\n\t\t\t\t\t<\/div>\n\t\t<\/div>\n\t\t\t\t\t\t\t<\/div>\n\t\t<\/section>\n\t\t\t\t\t\t\t<\/div>\n\t\t","protected":false},"excerpt":{"rendered":"<p>ARTIGO 1: OBJETOO objetivo desta pol\u00edtica de uso de dados \u00e9 descrever de forma clara e transparente como a FAVISTOR,<\/p>\n","protected":false},"author":1,"featured_media":0,"parent":0,"menu_order":0,"comment_status":"closed","ping_status":"closed","template":"elementor_header_footer","meta":{"footnotes":""},"class_list":["post-13511","page","type-page","status-publish","hentry"],"jetpack_sharing_enabled":true,"_links":{"self":[{"href":"https:\/\/favistor.es\/index.php?rest_route=\/wp\/v2\/pages\/13511","targetHints":{"allow":["GET"]}}],"collection":[{"href":"https:\/\/favistor.es\/index.php?rest_route=\/wp\/v2\/pages"}],"about":[{"href":"https:\/\/favistor.es\/index.php?rest_route=\/wp\/v2\/types\/page"}],"author":[{"embeddable":true,"href":"https:\/\/favistor.es\/index.php?rest_route=\/wp\/v2\/users\/1"}],"replies":[{"embeddable":true,"href":"https:\/\/favistor.es\/index.php?rest_route=%2Fwp%2Fv2%2Fcomments&post=13511"}],"version-history":[{"count":4,"href":"https:\/\/favistor.es\/index.php?rest_route=\/wp\/v2\/pages\/13511\/revisions"}],"predecessor-version":[{"id":13518,"href":"https:\/\/favistor.es\/index.php?rest_route=\/wp\/v2\/pages\/13511\/revisions\/13518"}],"wp:attachment":[{"href":"https:\/\/favistor.es\/index.php?rest_route=%2Fwp%2Fv2%2Fmedia&parent=13511"}],"curies":[{"name":"wp","href":"https:\/\/api.w.org\/{rel}","templated":true}]}}