
{"id":13530,"date":"2023-02-15T22:45:25","date_gmt":"2023-02-15T22:45:25","guid":{"rendered":"https:\/\/favistor.es\/?page_id=13530"},"modified":"2023-02-15T22:47:38","modified_gmt":"2023-02-15T22:47:38","slug":"entrega-e-devolucao","status":"publish","type":"page","link":"https:\/\/favistor.es\/?page_id=13530","title":{"rendered":"Entrega e Devolu\u00e7\u00e3o"},"content":{"rendered":"\t\t<div data-elementor-type=\"wp-page\" data-elementor-id=\"13530\" class=\"elementor elementor-13530\">\n\t\t\t\t\t\t\t\t\t<section class=\"wd-negative-gap elementor-section elementor-top-section elementor-element elementor-element-8446bc9 elementor-section-boxed elementor-section-height-default elementor-section-height-default wd-section-disabled\" data-id=\"8446bc9\" data-element_type=\"section\">\n\t\t\t\t\t\t<div class=\"elementor-container elementor-column-gap-default\">\n\t\t\t\t\t<div class=\"elementor-column elementor-col-100 elementor-top-column elementor-element elementor-element-c74413f\" data-id=\"c74413f\" data-element_type=\"column\">\n\t\t\t<div class=\"elementor-widget-wrap elementor-element-populated\">\n\t\t\t\t\t\t\t\t<div class=\"elementor-element elementor-element-a8947fc elementor-widget elementor-widget-wd_text_block\" data-id=\"a8947fc\" data-element_type=\"widget\" data-widget_type=\"wd_text_block.default\">\n\t\t\t\t<div class=\"elementor-widget-container\">\n\t\t\t\t\t\t<link rel=\"stylesheet\" id=\"wd-text-block-css\" href=\"https:\/\/favistor.es\/wp-content\/themes\/woodmart\/css\/parts\/el-text-block.min.css?ver=7.1.0\" type=\"text\/css\" media=\"all\" \/> \t\t\t\t\t<div class=\"wd-text-block reset-last-child text-left\">\n\t\t\t\n\t\t\t<p style=\"text-align: left;\"><span style=\"color: #000000;\">Entrega e Devolu\u00e7\u00e3o<\/span><br \/><span style=\"color: #000000;\">Os produtos ser\u00e3o entregues na morada de entrega indicada durante o processo de encomenda dentro do prazo indicado na p\u00e1gina de confirma\u00e7\u00e3o da encomenda.<\/span><\/p><p style=\"text-align: left;\"><span style=\"color: #000000;\">Em caso de atraso na entrega, receber\u00e1 um e-mail informando-o das poss\u00edveis consequ\u00eancias no prazo de entrega que lhe foi indicado.<\/span><\/p><p style=\"text-align: left;\"><span style=\"color: #000000;\">De acordo com a lei, em caso de atraso na entrega, voc\u00ea tem a op\u00e7\u00e3o de cancelar o pedido nas condi\u00e7\u00f5es previstas no artigo L 138-2 do C\u00f3digo do Consumidor. Se entretanto tiver recebido o produto, iremos reembols\u00e1-lo, bem como os custos de envio nas condi\u00e7\u00f5es do artigo L 138-3 do C\u00f3digo do Consumidor.<\/span><\/p><p style=\"text-align: left;\"><span style=\"color: #000000;\">No caso de entrega por transportadora, a FAVISTOR n\u00e3o se responsabiliza por atraso na entrega unicamente devido \u00e0 indisponibilidade do cliente ap\u00f3s v\u00e1rias datas propostas.<\/span><\/p><p style=\"text-align: left;\"><span style=\"color: #000000;\">Preciso de ajuda ?<\/span><br \/><span style=\"color: #000000;\">Por favor, entre em contato conosco em nosso endere\u00e7o de e-mail contato@favistor.es para mais informa\u00e7\u00f5es sobre nossa pol\u00edtica de devolu\u00e7\u00e3o.<\/span><\/p>\n\t\t\t\t\t<\/div>\n\t\t\t\t<\/div>\n\t\t\t\t<\/div>\n\t\t\t\t\t<\/div>\n\t\t<\/div>\n\t\t\t\t\t\t\t<\/div>\n\t\t<\/section>\n\t\t\t\t\t\t\t<\/div>\n\t\t","protected":false},"excerpt":{"rendered":"<p>Entrega e Devolu\u00e7\u00e3o Os produtos ser\u00e3o entregues na morada de entrega indicada durante o processo de encomenda dentro do prazo<\/p>\n","protected":false},"author":1,"featured_media":0,"parent":0,"menu_order":0,"comment_status":"closed","ping_status":"closed","template":"elementor_header_footer","meta":{"footnotes":""},"class_list":["post-13530","page","type-page","status-publish","hentry"],"jetpack_sharing_enabled":true,"_links":{"self":[{"href":"https:\/\/favistor.es\/index.php?rest_route=\/wp\/v2\/pages\/13530","targetHints":{"allow":["GET"]}}],"collection":[{"href":"https:\/\/favistor.es\/index.php?rest_route=\/wp\/v2\/pages"}],"about":[{"href":"https:\/\/favistor.es\/index.php?rest_route=\/wp\/v2\/types\/page"}],"author":[{"embeddable":true,"href":"https:\/\/favistor.es\/index.php?rest_route=\/wp\/v2\/users\/1"}],"replies":[{"embeddable":true,"href":"https:\/\/favistor.es\/index.php?rest_route=%2Fwp%2Fv2%2Fcomments&post=13530"}],"version-history":[{"count":5,"href":"https:\/\/favistor.es\/index.php?rest_route=\/wp\/v2\/pages\/13530\/revisions"}],"predecessor-version":[{"id":13537,"href":"https:\/\/favistor.es\/index.php?rest_route=\/wp\/v2\/pages\/13530\/revisions\/13537"}],"wp:attachment":[{"href":"https:\/\/favistor.es\/index.php?rest_route=%2Fwp%2Fv2%2Fmedia&parent=13530"}],"curies":[{"name":"wp","href":"https:\/\/api.w.org\/{rel}","templated":true}]}}