
{"id":13539,"date":"2023-02-15T22:49:58","date_gmt":"2023-02-15T22:49:58","guid":{"rendered":"https:\/\/favistor.es\/?page_id=13539"},"modified":"2023-02-15T22:51:30","modified_gmt":"2023-02-15T22:51:30","slug":"pagamento-seguro","status":"publish","type":"page","link":"https:\/\/favistor.es\/?page_id=13539","title":{"rendered":"Pagamento Seguro"},"content":{"rendered":"\t\t<div data-elementor-type=\"wp-page\" data-elementor-id=\"13539\" class=\"elementor elementor-13539\">\n\t\t\t\t\t\t\t\t\t<section class=\"wd-negative-gap elementor-section elementor-top-section elementor-element elementor-element-80dca53 elementor-section-boxed elementor-section-height-default elementor-section-height-default wd-section-disabled\" data-id=\"80dca53\" data-element_type=\"section\">\n\t\t\t\t\t\t<div class=\"elementor-container elementor-column-gap-default\">\n\t\t\t\t\t<div class=\"elementor-column elementor-col-100 elementor-top-column elementor-element elementor-element-86707ab\" data-id=\"86707ab\" data-element_type=\"column\">\n\t\t\t<div class=\"elementor-widget-wrap elementor-element-populated\">\n\t\t\t\t\t\t\t\t<div class=\"elementor-element elementor-element-9a3d4d8 elementor-widget elementor-widget-wd_text_block\" data-id=\"9a3d4d8\" data-element_type=\"widget\" data-widget_type=\"wd_text_block.default\">\n\t\t\t\t<div class=\"elementor-widget-container\">\n\t\t\t\t\t\t<link rel=\"stylesheet\" id=\"wd-text-block-css\" href=\"https:\/\/favistor.es\/wp-content\/themes\/woodmart\/css\/parts\/el-text-block.min.css?ver=7.1.0\" type=\"text\/css\" media=\"all\" \/> \t\t\t\t\t<div class=\"wd-text-block reset-last-child text-left\">\n\t\t\t\n\t\t\t<p style=\"text-align: center;\"><span style=\"color: #000000;\"><strong>Pagamento Seguro<\/strong><\/span><\/p><p><br \/><span style=\"color: #000000;\">Conosco, prestamos aten\u00e7\u00e3o especial \u00e0 seguran\u00e7a das transa\u00e7\u00f5es. Todas as transa\u00e7\u00f5es realizadas s\u00e3o 100% seguras. Dispomos de um sistema de encripta\u00e7\u00e3o SSL para proteger os seus dados pessoais bem como o meio de pagamento utilizado.<\/span><\/p><p><span style=\"color: #000000;\">Optamos por implementar controles refor\u00e7ados para todas as transa\u00e7\u00f5es com o sistema 3D Secure. Essas verifica\u00e7\u00f5es adicionais garantem a identifica\u00e7\u00e3o do titular do cart\u00e3o e o protegem contra fraudes.<\/span><\/p><p><span style=\"color: #000000;\">1- Pagamento com cart\u00e3o de cr\u00e9dito<\/span><br \/><span style=\"color: #000000;\">Para uma transa\u00e7\u00e3o online, tudo o que voc\u00ea precisa fazer \u00e9 pagar suas compras com cart\u00e3o de cr\u00e9dito. Aceitamos todos os cart\u00f5es banc\u00e1rios mencionados na lista abaixo.<\/span><\/p><p><span style=\"color: #000000;\">\u2013 VISA\u00ae<\/span><br \/><span style=\"color: #000000;\">\u2013 Mastercard\u00ae<\/span><br \/><span style=\"color: #000000;\">\u2013 Cart\u00e3o Azul\u00ae<\/span><\/p><p><span style=\"color: #000000;\">2- Pagamento por Paypal<\/span><br \/><span style=\"color: #000000;\">Voc\u00ea tamb\u00e9m pode pagar suas compras pelo Paypal, l\u00edder em m\u00e9todos de pagamento online.<\/span><\/p><p><span style=\"color: #000000;\">3- Pagamento por transfer\u00eancia banc\u00e1ria<\/span><br \/><span style=\"color: #000000;\">Tamb\u00e9m oferecemos a op\u00e7\u00e3o de pagar suas compras por transfer\u00eancia banc\u00e1ria SEPA. Atrav\u00e9s deste m\u00e9todo de pagamento, seu pedido \u00e9 processado ap\u00f3s o recebimento de fundos em nossa conta banc\u00e1ria.<\/span><\/p>\n\t\t\t\t\t<\/div>\n\t\t\t\t<\/div>\n\t\t\t\t<\/div>\n\t\t\t\t\t<\/div>\n\t\t<\/div>\n\t\t\t\t\t\t\t<\/div>\n\t\t<\/section>\n\t\t\t\t\t\t\t<\/div>\n\t\t","protected":false},"excerpt":{"rendered":"<p>Pagamento Seguro Conosco, prestamos aten\u00e7\u00e3o especial \u00e0 seguran\u00e7a das transa\u00e7\u00f5es. Todas as transa\u00e7\u00f5es realizadas s\u00e3o 100% seguras. Dispomos de um<\/p>\n","protected":false},"author":1,"featured_media":0,"parent":0,"menu_order":0,"comment_status":"closed","ping_status":"closed","template":"elementor_header_footer","meta":{"footnotes":""},"class_list":["post-13539","page","type-page","status-publish","hentry"],"jetpack_sharing_enabled":true,"_links":{"self":[{"href":"https:\/\/favistor.es\/index.php?rest_route=\/wp\/v2\/pages\/13539","targetHints":{"allow":["GET"]}}],"collection":[{"href":"https:\/\/favistor.es\/index.php?rest_route=\/wp\/v2\/pages"}],"about":[{"href":"https:\/\/favistor.es\/index.php?rest_route=\/wp\/v2\/types\/page"}],"author":[{"embeddable":true,"href":"https:\/\/favistor.es\/index.php?rest_route=\/wp\/v2\/users\/1"}],"replies":[{"embeddable":true,"href":"https:\/\/favistor.es\/index.php?rest_route=%2Fwp%2Fv2%2Fcomments&post=13539"}],"version-history":[{"count":4,"href":"https:\/\/favistor.es\/index.php?rest_route=\/wp\/v2\/pages\/13539\/revisions"}],"predecessor-version":[{"id":13545,"href":"https:\/\/favistor.es\/index.php?rest_route=\/wp\/v2\/pages\/13539\/revisions\/13545"}],"wp:attachment":[{"href":"https:\/\/favistor.es\/index.php?rest_route=%2Fwp%2Fv2%2Fmedia&parent=13539"}],"curies":[{"name":"wp","href":"https:\/\/api.w.org\/{rel}","templated":true}]}}