
{"id":13365,"date":"2023-02-15T17:40:48","date_gmt":"2023-02-15T16:40:48","guid":{"rendered":"https:\/\/favistor.es\/?post_type=product&#038;p=13365"},"modified":"2023-02-15T17:40:48","modified_gmt":"2023-02-15T16:40:48","slug":"caixa-de-lenha-de-carvalho-ultra-seco","status":"publish","type":"product","link":"https:\/\/favistor.es\/?product=caixa-de-lenha-de-carvalho-ultra-seco","title":{"rendered":"Caixa de Lenha de Carvalho Ultra Seco"},"content":{"rendered":"<p>A sensa\u00e7\u00e3o primordial de calor maravilhoso em um fogo crepitante<\/p>\n<p>O acendimento do fog\u00e3o a lenha deve ser agrad\u00e1vel e n\u00e3o deve causar estresse devido \u00e0 umidade ou \u00e0 madeira de m\u00e1 qualidade. A combust\u00e3o est\u00e1vel garante a sua seguran\u00e7a (a madeira h\u00famida liberta muito CO2), garante um calor agrad\u00e1vel e permite-lhe desfrutar despreocupadamente.<br \/>\nA qualidade \u00e9 mais importante do que um pre\u00e7o baixo. \u00c9 assim com tudo o que compra, mas devido ao nosso grande volume conseguimos oferecer-lhe a melhor madeira poss\u00edvel ao melhor pre\u00e7o.<\/p>\n<p>Carvalho<br \/>\nUm longo tempo de queima \u00e9 assegurado pela sua dureza. Al\u00e9m da alta efici\u00eancia, a queima do carvalho proporciona uma fragr\u00e2ncia deliciosa e uma bela chama tradicional.<\/p>\n<p>Propriedades da madeira de carvalho<br \/>\nTipo de madeira dura;<br \/>\nqueima lentamente<br \/>\nChamas brilhantes;<br \/>\nVoc\u00ea queima com pelo menos 4 logs;<br \/>\nA lenha por excel\u00eancia para grandes salamandras e lareiras.<\/p>\n","protected":false},"excerpt":{"rendered":"<p>2 m3 Lenha ultra seca Carvalho<br \/>\nPronto para usar<br \/>\nempilhados \u00e0 m\u00e3o<br \/>\nCaso s\u00f3lido<\/p>\n","protected":false},"featured_media":13366,"comment_status":"open","ping_status":"closed","template":"","meta":[],"product_brand":[],"product_cat":[72],"product_tag":[],"class_list":{"0":"post-13365","1":"product","2":"type-product","3":"status-publish","4":"has-post-thumbnail","6":"product_cat-lenha","8":"first","9":"instock","10":"shipping-taxable","11":"purchasable","12":"product-type-simple"},"jetpack_sharing_enabled":true,"_links":{"self":[{"href":"https:\/\/favistor.es\/index.php?rest_route=\/wp\/v2\/product\/13365","targetHints":{"allow":["GET"]}}],"collection":[{"href":"https:\/\/favistor.es\/index.php?rest_route=\/wp\/v2\/product"}],"about":[{"href":"https:\/\/favistor.es\/index.php?rest_route=\/wp\/v2\/types\/product"}],"replies":[{"embeddable":true,"href":"https:\/\/favistor.es\/index.php?rest_route=%2Fwp%2Fv2%2Fcomments&post=13365"}],"version-history":[{"count":1,"href":"https:\/\/favistor.es\/index.php?rest_route=\/wp\/v2\/product\/13365\/revisions"}],"predecessor-version":[{"id":13367,"href":"https:\/\/favistor.es\/index.php?rest_route=\/wp\/v2\/product\/13365\/revisions\/13367"}],"wp:featuredmedia":[{"embeddable":true,"href":"https:\/\/favistor.es\/index.php?rest_route=\/wp\/v2\/media\/13366"}],"wp:attachment":[{"href":"https:\/\/favistor.es\/index.php?rest_route=%2Fwp%2Fv2%2Fmedia&parent=13365"}],"wp:term":[{"taxonomy":"product_brand","embeddable":true,"href":"https:\/\/favistor.es\/index.php?rest_route=%2Fwp%2Fv2%2Fproduct_brand&post=13365"},{"taxonomy":"product_cat","embeddable":true,"href":"https:\/\/favistor.es\/index.php?rest_route=%2Fwp%2Fv2%2Fproduct_cat&post=13365"},{"taxonomy":"product_tag","embeddable":true,"href":"https:\/\/favistor.es\/index.php?rest_route=%2Fwp%2Fv2%2Fproduct_tag&post=13365"}],"curies":[{"name":"wp","href":"https:\/\/api.w.org\/{rel}","templated":true}]}}