
{"id":13368,"date":"2023-02-15T17:45:18","date_gmt":"2023-02-15T16:45:18","guid":{"rendered":"https:\/\/favistor.es\/?post_type=product&#038;p=13368"},"modified":"2023-02-15T17:45:18","modified_gmt":"2023-02-15T16:45:18","slug":"caixa-de-lenha-mistura-ultra-seca","status":"publish","type":"product","link":"https:\/\/favistor.es\/?product=caixa-de-lenha-mistura-ultra-seca","title":{"rendered":"Caixa de lenha mistura ultra seca"},"content":{"rendered":"<p>Caixote de Lenha Misturada<br \/>\nsua garantia de lenha perfeita!<\/p>\n<p>Os caixotes com lenha mista s\u00e3o fornecidos com 3 tipos diferentes de madeira; que s\u00e3o coordenados e voc\u00ea tem certeza de um lindo; combina\u00e7\u00e3o legal.<\/p>\n<p>Estes tipos de lenha complementam-se e refor\u00e7am-se, proporcionando assim uma experi\u00eancia ainda mais agrad\u00e1vel.<\/p>\n<p>Caracter\u00edsticas caixa de lenha de mistura ultra seca:<br \/>\nAdequado para salamandras de tamanho m\u00e9dio<br \/>\nSeco em estufa &#8211; queimar imediatamente<br \/>\nMistura: carvalho; b\u00e9tula e freixo<br \/>\nPropriedades da lenha: queima lenta \u2013 chama aberta<br \/>\nMadeira de b\u00e9tula: queima r\u00e1pida \u2013 belas chamas grandes<br \/>\nCinza de lenha: combust\u00e3o lenta \u2013 efeito de chama pequena<br \/>\nLenha<br \/>\nSeu fog\u00e3o a lenha deve ser agrad\u00e1vel de queimar e n\u00e3o deve causar estresse por umidade ou madeira de m\u00e1 qualidade. A combust\u00e3o est\u00e1vel garante sua seguran\u00e7a (a madeira molhada libera muito CO2); fornece calor confort\u00e1vel e permite que voc\u00ea desfrute despreocupado.<\/p>\n<p>A qualidade \u00e9 mais importante do que um pre\u00e7o baixo. Isso \u00e9 praticamente tudo que voc\u00ea compra. No entanto; devido ao nosso grande volume; conseguimos oferecer madeira da melhor qualidade ao melhor pre\u00e7o. Para a produ\u00e7\u00e3o de nossas grades de lenha; trabalhamos com um fabricante que fornece mais de 850 restaurantes e redes hoteleiras na Alemanha; entre outros. Eles n\u00e3o podem fornecer madeira de qualidade e umidade question\u00e1veis; porque a fuma\u00e7a e a combust\u00e3o inst\u00e1vel est\u00e3o obviamente fora de quest\u00e3o em um restaurante.<\/p>\n","protected":false},"excerpt":{"rendered":"<p>Calor lento \u2013 pequenas chamas<br \/>\nSeco no forno &#8211; calor imediato<br \/>\nMistura de lenha ultra seca empilhada \u00e0 m\u00e3o<br \/>\nCaso s\u00f3lido<\/p>\n","protected":false},"featured_media":13369,"comment_status":"open","ping_status":"closed","template":"","meta":[],"product_brand":[],"product_cat":[72],"product_tag":[],"class_list":{"0":"post-13368","1":"product","2":"type-product","3":"status-publish","4":"has-post-thumbnail","6":"product_cat-lenha","8":"first","9":"instock","10":"shipping-taxable","11":"purchasable","12":"product-type-simple"},"jetpack_sharing_enabled":true,"_links":{"self":[{"href":"https:\/\/favistor.es\/index.php?rest_route=\/wp\/v2\/product\/13368","targetHints":{"allow":["GET"]}}],"collection":[{"href":"https:\/\/favistor.es\/index.php?rest_route=\/wp\/v2\/product"}],"about":[{"href":"https:\/\/favistor.es\/index.php?rest_route=\/wp\/v2\/types\/product"}],"replies":[{"embeddable":true,"href":"https:\/\/favistor.es\/index.php?rest_route=%2Fwp%2Fv2%2Fcomments&post=13368"}],"version-history":[{"count":1,"href":"https:\/\/favistor.es\/index.php?rest_route=\/wp\/v2\/product\/13368\/revisions"}],"predecessor-version":[{"id":13373,"href":"https:\/\/favistor.es\/index.php?rest_route=\/wp\/v2\/product\/13368\/revisions\/13373"}],"wp:featuredmedia":[{"embeddable":true,"href":"https:\/\/favistor.es\/index.php?rest_route=\/wp\/v2\/media\/13369"}],"wp:attachment":[{"href":"https:\/\/favistor.es\/index.php?rest_route=%2Fwp%2Fv2%2Fmedia&parent=13368"}],"wp:term":[{"taxonomy":"product_brand","embeddable":true,"href":"https:\/\/favistor.es\/index.php?rest_route=%2Fwp%2Fv2%2Fproduct_brand&post=13368"},{"taxonomy":"product_cat","embeddable":true,"href":"https:\/\/favistor.es\/index.php?rest_route=%2Fwp%2Fv2%2Fproduct_cat&post=13368"},{"taxonomy":"product_tag","embeddable":true,"href":"https:\/\/favistor.es\/index.php?rest_route=%2Fwp%2Fv2%2Fproduct_tag&post=13368"}],"curies":[{"name":"wp","href":"https:\/\/api.w.org\/{rel}","templated":true}]}}