
{"id":13374,"date":"2023-02-15T18:23:54","date_gmt":"2023-02-15T17:23:54","guid":{"rendered":"https:\/\/favistor.es\/?post_type=product&#038;p=13374"},"modified":"2023-02-15T18:24:46","modified_gmt":"2023-02-15T17:24:46","slug":"meia-caixa-de-lenha-de-amieiro-ultra-seca","status":"publish","type":"product","link":"https:\/\/favistor.es\/?product=meia-caixa-de-lenha-de-amieiro-ultra-seca","title":{"rendered":"Meia Caixa de Lenha de Amieiro Ultra Seca"},"content":{"rendered":"<p>Meia Caixa de Lenha de Amieiro<br \/>\nsua garantia de lenha perfeita!<\/p>\n<p>A madeira de amieiro \u00e9 uma madeira macia (\u00e1rvore de folha caduca) com um gr\u00e3o calmo.<\/p>\n<p>O tronco tem uma cor marrom claro\/amarelo. A \u00e1rvore tamb\u00e9m \u00e9 conhecida por sua flora\u00e7\u00e3o (catkins).<\/p>\n<p>Ele queima rapidamente e d\u00e1 um lindo brilho e aromas maravilhosos.<\/p>\n<p>Caracter\u00edsticas meia caixa de lenha de amieiro ultra seca:<br \/>\nAdequado para pequenas lareiras e fog\u00f5es de pedra-sab\u00e3o<br \/>\nQueima r\u00e1pida \u2013 grandes chamas agrad\u00e1veis<br \/>\nSeco em estufa &#8211; queimar imediatamente<br \/>\nUm produto de muita qualidade.<br \/>\nPortanto, garantimos que voc\u00ea pode gravar diretamente de maneira dur\u00e1vel.<\/p>\n<p>&nbsp;<\/p>\n<p>Lenha<br \/>\nO aquecimento do seu fog\u00e3o a lenha deve ser agrad\u00e1vel e n\u00e3o deve causar estresse por madeira \u00famida ou de m\u00e1 qualidade. A combust\u00e3o est\u00e1vel garante sua seguran\u00e7a (a madeira molhada libera muito CO2); proporciona um calor agrad\u00e1vel e permite que voc\u00ea se divirta sem preocupa\u00e7\u00f5es.<\/p>\n<p>A qualidade \u00e9 mais importante do que um pre\u00e7o m\u00ednimo. Isso \u00e9 praticamente tudo que voc\u00ea compra. No entanto; devido ao nosso grande volume; conseguimos oferecer madeira da melhor qualidade ao melhor pre\u00e7o. Para a produ\u00e7\u00e3o de nossas grades de lenha; trabalhamos com um fabricante que fornece mais de 850 restaurantes e redes hoteleiras na Alemanha; entre outros. Eles n\u00e3o podem fornecer madeira de qualidade e umidade question\u00e1veis; porque a fuma\u00e7a e a combust\u00e3o inst\u00e1vel est\u00e3o obviamente fora de quest\u00e3o em um restaurante.<\/p>\n<p>N\u00e3o hesite e por isso opte decididamente pela qualidade da nossa lenha e disfrute do seu fogo sem preocupa\u00e7\u00f5es.<\/p>\n","protected":false},"excerpt":{"rendered":"<p>Queima r\u00e1pida \u2013 grandes chamas agrad\u00e1veis<br \/>\nSeco no forno \u2013 calor imediato<br \/>\nLenha de amieiro ultra seca empilhada \u00e0 m\u00e3o<br \/>\nCaso s\u00f3lido<\/p>\n","protected":false},"featured_media":13375,"comment_status":"open","ping_status":"closed","template":"","meta":[],"product_brand":[],"product_cat":[72],"product_tag":[],"class_list":{"0":"post-13374","1":"product","2":"type-product","3":"status-publish","4":"has-post-thumbnail","6":"product_cat-lenha","8":"first","9":"instock","10":"shipping-taxable","11":"purchasable","12":"product-type-simple"},"jetpack_sharing_enabled":true,"_links":{"self":[{"href":"https:\/\/favistor.es\/index.php?rest_route=\/wp\/v2\/product\/13374","targetHints":{"allow":["GET"]}}],"collection":[{"href":"https:\/\/favistor.es\/index.php?rest_route=\/wp\/v2\/product"}],"about":[{"href":"https:\/\/favistor.es\/index.php?rest_route=\/wp\/v2\/types\/product"}],"replies":[{"embeddable":true,"href":"https:\/\/favistor.es\/index.php?rest_route=%2Fwp%2Fv2%2Fcomments&post=13374"}],"version-history":[{"count":1,"href":"https:\/\/favistor.es\/index.php?rest_route=\/wp\/v2\/product\/13374\/revisions"}],"predecessor-version":[{"id":13376,"href":"https:\/\/favistor.es\/index.php?rest_route=\/wp\/v2\/product\/13374\/revisions\/13376"}],"wp:featuredmedia":[{"embeddable":true,"href":"https:\/\/favistor.es\/index.php?rest_route=\/wp\/v2\/media\/13375"}],"wp:attachment":[{"href":"https:\/\/favistor.es\/index.php?rest_route=%2Fwp%2Fv2%2Fmedia&parent=13374"}],"wp:term":[{"taxonomy":"product_brand","embeddable":true,"href":"https:\/\/favistor.es\/index.php?rest_route=%2Fwp%2Fv2%2Fproduct_brand&post=13374"},{"taxonomy":"product_cat","embeddable":true,"href":"https:\/\/favistor.es\/index.php?rest_route=%2Fwp%2Fv2%2Fproduct_cat&post=13374"},{"taxonomy":"product_tag","embeddable":true,"href":"https:\/\/favistor.es\/index.php?rest_route=%2Fwp%2Fv2%2Fproduct_tag&post=13374"}],"curies":[{"name":"wp","href":"https:\/\/api.w.org\/{rel}","templated":true}]}}