
{"id":13426,"date":"2023-02-15T19:19:04","date_gmt":"2023-02-15T19:19:04","guid":{"rendered":"https:\/\/favistor.es\/?post_type=product&#038;p=13426"},"modified":"2023-02-18T14:19:44","modified_gmt":"2023-02-18T14:19:44","slug":"13426","status":"publish","type":"product","link":"https:\/\/favistor.es\/?product=13426","title":{"rendered":"Carbono \u2013 20 libras."},"content":{"rendered":"<p>Carv\u00e3o \u2013 20 libras.<br \/>\nCarv\u00e3o de parceiros argentinos que o fabricam com m\u00e9todos ancestrais e totalmente artesanais. Este produto de alta qualidade queima com mais for\u00e7a e por mais tempo do que muitas outras marcas de carv\u00e3o, produzindo fuma\u00e7a segura para a sa\u00fade e o meio ambiente. O segredo \u00e9 a pureza do material.<\/p>\n","protected":false},"excerpt":{"rendered":"<p>Carbono \u2013 20 libras.<br \/>\nCarbono \u2013 20 libras.<br \/>\nbolsa de 20 libras<br \/>\nMais quente, mais dur\u00e1vel e mais limpo que muitos outros produtos<\/p>\n","protected":false},"featured_media":13427,"comment_status":"open","ping_status":"closed","template":"","meta":[],"product_brand":[],"product_cat":[73],"product_tag":[],"class_list":{"0":"post-13426","1":"product","2":"type-product","3":"status-publish","4":"has-post-thumbnail","6":"product_cat-carvao","8":"first","9":"instock","10":"shipping-taxable","11":"purchasable","12":"product-type-simple"},"jetpack_sharing_enabled":true,"_links":{"self":[{"href":"https:\/\/favistor.es\/index.php?rest_route=\/wp\/v2\/product\/13426","targetHints":{"allow":["GET"]}}],"collection":[{"href":"https:\/\/favistor.es\/index.php?rest_route=\/wp\/v2\/product"}],"about":[{"href":"https:\/\/favistor.es\/index.php?rest_route=\/wp\/v2\/types\/product"}],"replies":[{"embeddable":true,"href":"https:\/\/favistor.es\/index.php?rest_route=%2Fwp%2Fv2%2Fcomments&post=13426"}],"version-history":[{"count":3,"href":"https:\/\/favistor.es\/index.php?rest_route=\/wp\/v2\/product\/13426\/revisions"}],"predecessor-version":[{"id":13430,"href":"https:\/\/favistor.es\/index.php?rest_route=\/wp\/v2\/product\/13426\/revisions\/13430"}],"wp:featuredmedia":[{"embeddable":true,"href":"https:\/\/favistor.es\/index.php?rest_route=\/wp\/v2\/media\/13427"}],"wp:attachment":[{"href":"https:\/\/favistor.es\/index.php?rest_route=%2Fwp%2Fv2%2Fmedia&parent=13426"}],"wp:term":[{"taxonomy":"product_brand","embeddable":true,"href":"https:\/\/favistor.es\/index.php?rest_route=%2Fwp%2Fv2%2Fproduct_brand&post=13426"},{"taxonomy":"product_cat","embeddable":true,"href":"https:\/\/favistor.es\/index.php?rest_route=%2Fwp%2Fv2%2Fproduct_cat&post=13426"},{"taxonomy":"product_tag","embeddable":true,"href":"https:\/\/favistor.es\/index.php?rest_route=%2Fwp%2Fv2%2Fproduct_tag&post=13426"}],"curies":[{"name":"wp","href":"https:\/\/api.w.org\/{rel}","templated":true}]}}