
{"id":13434,"date":"2023-02-15T19:29:31","date_gmt":"2023-02-15T18:29:31","guid":{"rendered":"https:\/\/favistor.es\/?post_type=product&#038;p=13434"},"modified":"2023-02-15T19:31:04","modified_gmt":"2023-02-15T18:31:04","slug":"charbonetes-50-cm","status":"publish","type":"product","link":"https:\/\/favistor.es\/?product=charbonetes-50-cm","title":{"rendered":"Charbonetes \u2013 50 cm"},"content":{"rendered":"<p>As carbonetas de 50 cm garantem uma igni\u00e7\u00e3o f\u00e1cil e belas chamas. A subida de temperatura \u00e9 extremamente r\u00e1pida e permite atingir o n\u00edvel de aquecimento ideal para uma cozedura aut\u00eantica, perfeita e natural.<br \/>\nFeito de madeira de faia, n\u00e3o h\u00e1 respingos ou lascas de madeira brilhantes. S\u00e3o limpos de manusear, deixando um interior saud\u00e1vel, respeitando a higiene alimentar. S\u00e3o ideais para pizzarias e restaurantes.<\/p>\n","protected":false},"excerpt":{"rendered":"<p>100% ess\u00eancia de faia francesa<br \/>\nTaxa de umidade \u2264 15%<br \/>\ncomprimento 30cm<br \/>\nSe\u00e7\u00e3o 100% dividida (4 a 7 cm)<br \/>\nPCI bruto 3,9 kWh.kg-1 \u2264 PCI \u2264 4,2 kWh.kg-1<br \/>\nTaxa de latidos &lt; 5%<br \/>\nTeor de cinzas \u2264 1,5%<br \/>\ncomportamento em<br \/>\nIgni\u00e7\u00e3o r\u00e1pida e calor imediato<\/p>\n","protected":false},"featured_media":13435,"comment_status":"open","ping_status":"closed","template":"","meta":[],"product_brand":[],"product_cat":[73],"product_tag":[],"class_list":{"0":"post-13434","1":"product","2":"type-product","3":"status-publish","4":"has-post-thumbnail","6":"product_cat-carvao","8":"first","9":"instock","10":"shipping-taxable","11":"purchasable","12":"product-type-simple"},"jetpack_sharing_enabled":true,"_links":{"self":[{"href":"https:\/\/favistor.es\/index.php?rest_route=\/wp\/v2\/product\/13434","targetHints":{"allow":["GET"]}}],"collection":[{"href":"https:\/\/favistor.es\/index.php?rest_route=\/wp\/v2\/product"}],"about":[{"href":"https:\/\/favistor.es\/index.php?rest_route=\/wp\/v2\/types\/product"}],"replies":[{"embeddable":true,"href":"https:\/\/favistor.es\/index.php?rest_route=%2Fwp%2Fv2%2Fcomments&post=13434"}],"version-history":[{"count":1,"href":"https:\/\/favistor.es\/index.php?rest_route=\/wp\/v2\/product\/13434\/revisions"}],"predecessor-version":[{"id":13436,"href":"https:\/\/favistor.es\/index.php?rest_route=\/wp\/v2\/product\/13434\/revisions\/13436"}],"wp:featuredmedia":[{"embeddable":true,"href":"https:\/\/favistor.es\/index.php?rest_route=\/wp\/v2\/media\/13435"}],"wp:attachment":[{"href":"https:\/\/favistor.es\/index.php?rest_route=%2Fwp%2Fv2%2Fmedia&parent=13434"}],"wp:term":[{"taxonomy":"product_brand","embeddable":true,"href":"https:\/\/favistor.es\/index.php?rest_route=%2Fwp%2Fv2%2Fproduct_brand&post=13434"},{"taxonomy":"product_cat","embeddable":true,"href":"https:\/\/favistor.es\/index.php?rest_route=%2Fwp%2Fv2%2Fproduct_cat&post=13434"},{"taxonomy":"product_tag","embeddable":true,"href":"https:\/\/favistor.es\/index.php?rest_route=%2Fwp%2Fv2%2Fproduct_tag&post=13434"}],"curies":[{"name":"wp","href":"https:\/\/api.w.org\/{rel}","templated":true}]}}