
{"id":13437,"date":"2023-02-15T19:34:05","date_gmt":"2023-02-15T18:34:05","guid":{"rendered":"https:\/\/favistor.es\/?post_type=product&#038;p=13437"},"modified":"2023-02-15T19:35:21","modified_gmt":"2023-02-15T18:35:21","slug":"mistura-de-carvao-100-palete","status":"publish","type":"product","link":"https:\/\/favistor.es\/?product=mistura-de-carvao-100-palete","title":{"rendered":"Mistura de carv\u00e3o 100% palete"},"content":{"rendered":"<p>Carv\u00e3o 100% Mix (12-22mm)<br \/>\nO carv\u00e3o mais vendido para o seu queimador multifuncional.<\/p>\n<p>Diretamente do terminal de carv\u00e3o para sua casa.<\/p>\n<p>Caracter\u00edsticas da mistura de carv\u00e3o:<br \/>\nMisture antracite e carv\u00e3o de petr\u00f3leo.<br \/>\nCombust\u00edvel s\u00f3lido; queima facilmente.<br \/>\nAdequado para aquecedores e fog\u00f5es.<br \/>\nCaracter\u00edsticas Mistura de carv\u00e3o (12-22mm):<\/p>\n<p>Supercarv\u00e3o mix 50% antracite 50% carv\u00e3o de petr\u00f3leo<br \/>\nDimens\u00f5es: 12 \u2013 22mm<br \/>\nV\u00f4o: 7 \u2013 24%<br \/>\n40 sacos de 25kg<\/p>\n","protected":false},"excerpt":{"rendered":"<p>Supercarv\u00e3o mix 50% antracite 50% carv\u00e3o de petr\u00f3leo<br \/>\nTamanho: 12 \u2013 22mm<br \/>\nV\u00f4o: 7 \u2013 24%<\/p>\n","protected":false},"featured_media":13438,"comment_status":"open","ping_status":"closed","template":"","meta":[],"product_brand":[],"product_cat":[73],"product_tag":[],"class_list":{"0":"post-13437","1":"product","2":"type-product","3":"status-publish","4":"has-post-thumbnail","6":"product_cat-carvao","8":"first","9":"instock","10":"shipping-taxable","11":"purchasable","12":"product-type-simple"},"jetpack_sharing_enabled":true,"_links":{"self":[{"href":"https:\/\/favistor.es\/index.php?rest_route=\/wp\/v2\/product\/13437","targetHints":{"allow":["GET"]}}],"collection":[{"href":"https:\/\/favistor.es\/index.php?rest_route=\/wp\/v2\/product"}],"about":[{"href":"https:\/\/favistor.es\/index.php?rest_route=\/wp\/v2\/types\/product"}],"replies":[{"embeddable":true,"href":"https:\/\/favistor.es\/index.php?rest_route=%2Fwp%2Fv2%2Fcomments&post=13437"}],"version-history":[{"count":2,"href":"https:\/\/favistor.es\/index.php?rest_route=\/wp\/v2\/product\/13437\/revisions"}],"predecessor-version":[{"id":13440,"href":"https:\/\/favistor.es\/index.php?rest_route=\/wp\/v2\/product\/13437\/revisions\/13440"}],"wp:featuredmedia":[{"embeddable":true,"href":"https:\/\/favistor.es\/index.php?rest_route=\/wp\/v2\/media\/13438"}],"wp:attachment":[{"href":"https:\/\/favistor.es\/index.php?rest_route=%2Fwp%2Fv2%2Fmedia&parent=13437"}],"wp:term":[{"taxonomy":"product_brand","embeddable":true,"href":"https:\/\/favistor.es\/index.php?rest_route=%2Fwp%2Fv2%2Fproduct_brand&post=13437"},{"taxonomy":"product_cat","embeddable":true,"href":"https:\/\/favistor.es\/index.php?rest_route=%2Fwp%2Fv2%2Fproduct_cat&post=13437"},{"taxonomy":"product_tag","embeddable":true,"href":"https:\/\/favistor.es\/index.php?rest_route=%2Fwp%2Fv2%2Fproduct_tag&post=13437"}],"curies":[{"name":"wp","href":"https:\/\/api.w.org\/{rel}","templated":true}]}}