
{"id":13441,"date":"2023-02-15T19:37:53","date_gmt":"2023-02-15T18:37:53","guid":{"rendered":"https:\/\/favistor.es\/?post_type=product&#038;p=13441"},"modified":"2023-02-15T19:37:53","modified_gmt":"2023-02-15T18:37:53","slug":"cookin-garden-saco-de-carvao-40l-qualidade-de-restaurante","status":"publish","type":"product","link":"https:\/\/favistor.es\/?product=cookin-garden-saco-de-carvao-40l-qualidade-de-restaurante","title":{"rendered":"COOK&#8217;IN GARDEN \u2013 Saco de Carv\u00e3o 40L \u2013 Qualidade de Restaurante"},"content":{"rendered":"<p>Churrasqueiras a carv\u00e3o &#8211; Cook&#8217;In Garden &#8211; Saco de carv\u00e3o 40L &#8211; Qualidade de restaurante<br \/>\nsaco de 40L<br \/>\nCom o seu grande saco de 40 litros, o carv\u00e3o Cook&#8217;in Garden ir\u00e1 satisfaz\u00ea-lo em muitos churrascos.<br \/>\nbaldes grandes<br \/>\nAssinado como &#8220;qualidade de restaurante&#8221;, este carv\u00e3o \u00e9 cortado em grandes blocos para um cozimento duradouro.<br \/>\ncarv\u00e3o de madeira FSC<br \/>\nA madeira utilizada para fazer carv\u00e3o Cook&#8217;in Garden \u00e9 certificada pelo FSC: isto significa que prov\u00e9m de uma gest\u00e3o florestal respons\u00e1vel.<\/p>\n","protected":false},"excerpt":{"rendered":"<p>Carv\u00e3o de Restaurante, com Baldes Grandes \u2013 Bolsa 40L \u2013 Carv\u00e3o de Madeira FSC<br \/>\nCarv\u00e3o vegetal para restaurantes, com baldes grandes<br \/>\nCompat\u00edvel com todos os churrascos.<br \/>\nsaco de 40L<br \/>\nCarv\u00e3o feito de madeira FSC<\/p>\n","protected":false},"featured_media":13442,"comment_status":"open","ping_status":"closed","template":"","meta":[],"product_brand":[],"product_cat":[73],"product_tag":[],"class_list":{"0":"post-13441","1":"product","2":"type-product","3":"status-publish","4":"has-post-thumbnail","6":"product_cat-carvao","8":"first","9":"instock","10":"shipping-taxable","11":"purchasable","12":"product-type-simple"},"jetpack_sharing_enabled":true,"_links":{"self":[{"href":"https:\/\/favistor.es\/index.php?rest_route=\/wp\/v2\/product\/13441","targetHints":{"allow":["GET"]}}],"collection":[{"href":"https:\/\/favistor.es\/index.php?rest_route=\/wp\/v2\/product"}],"about":[{"href":"https:\/\/favistor.es\/index.php?rest_route=\/wp\/v2\/types\/product"}],"replies":[{"embeddable":true,"href":"https:\/\/favistor.es\/index.php?rest_route=%2Fwp%2Fv2%2Fcomments&post=13441"}],"version-history":[{"count":1,"href":"https:\/\/favistor.es\/index.php?rest_route=\/wp\/v2\/product\/13441\/revisions"}],"predecessor-version":[{"id":13443,"href":"https:\/\/favistor.es\/index.php?rest_route=\/wp\/v2\/product\/13441\/revisions\/13443"}],"wp:featuredmedia":[{"embeddable":true,"href":"https:\/\/favistor.es\/index.php?rest_route=\/wp\/v2\/media\/13442"}],"wp:attachment":[{"href":"https:\/\/favistor.es\/index.php?rest_route=%2Fwp%2Fv2%2Fmedia&parent=13441"}],"wp:term":[{"taxonomy":"product_brand","embeddable":true,"href":"https:\/\/favistor.es\/index.php?rest_route=%2Fwp%2Fv2%2Fproduct_brand&post=13441"},{"taxonomy":"product_cat","embeddable":true,"href":"https:\/\/favistor.es\/index.php?rest_route=%2Fwp%2Fv2%2Fproduct_cat&post=13441"},{"taxonomy":"product_tag","embeddable":true,"href":"https:\/\/favistor.es\/index.php?rest_route=%2Fwp%2Fv2%2Fproduct_tag&post=13441"}],"curies":[{"name":"wp","href":"https:\/\/api.w.org\/{rel}","templated":true}]}}