
{"id":13444,"date":"2023-02-15T19:42:41","date_gmt":"2023-02-15T19:42:41","guid":{"rendered":"https:\/\/favistor.es\/?post_type=product&#038;p=13444"},"modified":"2023-02-18T14:20:04","modified_gmt":"2023-02-18T14:20:04","slug":"mix-carbon-100-meio-palete","status":"publish","type":"product","link":"https:\/\/favistor.es\/?product=mix-carbon-100-meio-palete","title":{"rendered":"Mix Carbon 100% meio palete"},"content":{"rendered":"<p>100% carbono misto (12-22mm)<br \/>\nO carv\u00e3o mais vendido para o seu queimador multiuso.<\/p>\n<p>Diretamente do Colenterinal para sua casa.<\/p>\n<p>Caracter\u00edsticas da mistura de carv\u00e3o:<br \/>\nMistura de antracito e carv\u00e3o de petr\u00f3leo.<br \/>\nCombust\u00edvel s\u00f3lido; ele queima facilmente.<br \/>\nAdequado para aquecedores e fog\u00f5es.<br \/>\nCaracter\u00edsticas Mistura de carbono (12-22 mm):<\/p>\n<p>Super mistura de carv\u00e3o 50% antracite 50% carv\u00e3o de petr\u00f3leo<br \/>\nDimens\u00f5es: 12 \u2013 22mm<br \/>\nV\u00f4o: 7 \u2013 24%<br \/>\nCategoria: Carv\u00f5es<\/p>\n","protected":false},"excerpt":{"rendered":"<p>Mix Carbon 100% meio palete<\/p>\n<p>Super mistura de carv\u00e3o 50% antracite 50% carv\u00e3o de petr\u00f3leo<br \/>\nTamanho: 12-22mm<br \/>\nV\u00f4o: 7 \u2013 24%<\/p>\n","protected":false},"featured_media":13445,"comment_status":"open","ping_status":"closed","template":"","meta":[],"product_brand":[],"product_cat":[73],"product_tag":[],"class_list":{"0":"post-13444","1":"product","2":"type-product","3":"status-publish","4":"has-post-thumbnail","6":"product_cat-carvao","8":"first","9":"instock","10":"shipping-taxable","11":"purchasable","12":"product-type-simple"},"jetpack_sharing_enabled":true,"_links":{"self":[{"href":"https:\/\/favistor.es\/index.php?rest_route=\/wp\/v2\/product\/13444","targetHints":{"allow":["GET"]}}],"collection":[{"href":"https:\/\/favistor.es\/index.php?rest_route=\/wp\/v2\/product"}],"about":[{"href":"https:\/\/favistor.es\/index.php?rest_route=\/wp\/v2\/types\/product"}],"replies":[{"embeddable":true,"href":"https:\/\/favistor.es\/index.php?rest_route=%2Fwp%2Fv2%2Fcomments&post=13444"}],"version-history":[{"count":1,"href":"https:\/\/favistor.es\/index.php?rest_route=\/wp\/v2\/product\/13444\/revisions"}],"predecessor-version":[{"id":13446,"href":"https:\/\/favistor.es\/index.php?rest_route=\/wp\/v2\/product\/13444\/revisions\/13446"}],"wp:featuredmedia":[{"embeddable":true,"href":"https:\/\/favistor.es\/index.php?rest_route=\/wp\/v2\/media\/13445"}],"wp:attachment":[{"href":"https:\/\/favistor.es\/index.php?rest_route=%2Fwp%2Fv2%2Fmedia&parent=13444"}],"wp:term":[{"taxonomy":"product_brand","embeddable":true,"href":"https:\/\/favistor.es\/index.php?rest_route=%2Fwp%2Fv2%2Fproduct_brand&post=13444"},{"taxonomy":"product_cat","embeddable":true,"href":"https:\/\/favistor.es\/index.php?rest_route=%2Fwp%2Fv2%2Fproduct_cat&post=13444"},{"taxonomy":"product_tag","embeddable":true,"href":"https:\/\/favistor.es\/index.php?rest_route=%2Fwp%2Fv2%2Fproduct_tag&post=13444"}],"curies":[{"name":"wp","href":"https:\/\/api.w.org\/{rel}","templated":true}]}}