
{"id":13467,"date":"2023-02-15T20:07:50","date_gmt":"2023-02-15T19:07:50","guid":{"rendered":"https:\/\/favistor.es\/?post_type=product&#038;p=13467"},"modified":"2023-02-15T20:07:51","modified_gmt":"2023-02-15T19:07:51","slug":"fogao-a-lenha-carvao-happy-6kw","status":"publish","type":"product","link":"https:\/\/favistor.es\/?product=fogao-a-lenha-carvao-happy-6kw","title":{"rendered":"Fog\u00e3o a Lenha\/Carv\u00e3o Happy 6kW"},"content":{"rendered":"<p>Sobre o fog\u00e3o a lenha\/carv\u00e3o Happy<br \/>\nExcelente distribui\u00e7\u00e3o de calor<br \/>\nA estufa a lenha\/carv\u00e3o Happy foi concebida para aquecer de forma uniforme e eficiente o ambiente onde est\u00e1 instalada. A sua composi\u00e7\u00e3o em ferro fundido (placa, porta, cinzeiro) contribui para uma difus\u00e3o de calor duradoura no interior.<\/p>\n<p>O ferro fundido \u00e9 um material conhecido por sua robustez; mas tamb\u00e9m por sua capacidade de armazenar e liberar calor. Mesmo depois que seu fogo se apagou; o fog\u00e3o Happy continua a proporcionar um calor suave na sua sala de estar.<\/p>\n<p>Qualidade e confiabilidade<br \/>\nMBS \u00e9 uma marca apreciada pela qualidade dos materiais utilizados para projetar seus dispositivos. Esses requisitos de confiabilidade e qualidade podem ser vistos nos acabamentos do fog\u00e3o Happy; com :<\/p>\n<p>Al\u00e7as cuidadosamente integradas<br \/>\nUm revestimento preto antracite refinado<br \/>\num design limpo<br \/>\nmarca MBS<br \/>\nA MBS projeta aparelhos de queima de madeira desde 1924; incluindo fog\u00f5es a lenha e fog\u00f5es a lenha. A sua produ\u00e7\u00e3o \u00e9 controlada pelo fabricante e podemos constatar pela qualidade dos materiais utilizados que s\u00e3o produtos pensados \u200b\u200bpara durar. Os fog\u00f5es MBS e os fog\u00f5es a lenha est\u00e3o entre os produtos mais vendidos todos os anos; equipar milhares de lares.<\/p>\n","protected":false},"excerpt":{"rendered":"<p>Volume de aquecimento: at\u00e9 60 m\u00b2<br \/>\ncombust\u00edvel de madeira e carv\u00e3o<br \/>\nPlaca superior; lareira e porta em ferro fundido<br \/>\nRegulador de ar prim\u00e1rio: igni\u00e7\u00e3o simplificada<br \/>\nsa\u00edda de fuma\u00e7a superior<br \/>\nTamanho compacto e design<br \/>\nIntegra\u00e7\u00e3o harmoniosa em qualquer interior.<\/p>\n","protected":false},"featured_media":13468,"comment_status":"open","ping_status":"closed","template":"","meta":[],"product_brand":[],"product_cat":[77],"product_tag":[],"class_list":{"0":"post-13467","1":"product","2":"type-product","3":"status-publish","4":"has-post-thumbnail","6":"product_cat-fogoes-a-lenha","8":"first","9":"instock","10":"shipping-taxable","11":"purchasable","12":"product-type-simple"},"jetpack_sharing_enabled":true,"_links":{"self":[{"href":"https:\/\/favistor.es\/index.php?rest_route=\/wp\/v2\/product\/13467","targetHints":{"allow":["GET"]}}],"collection":[{"href":"https:\/\/favistor.es\/index.php?rest_route=\/wp\/v2\/product"}],"about":[{"href":"https:\/\/favistor.es\/index.php?rest_route=\/wp\/v2\/types\/product"}],"replies":[{"embeddable":true,"href":"https:\/\/favistor.es\/index.php?rest_route=%2Fwp%2Fv2%2Fcomments&post=13467"}],"version-history":[{"count":1,"href":"https:\/\/favistor.es\/index.php?rest_route=\/wp\/v2\/product\/13467\/revisions"}],"predecessor-version":[{"id":13469,"href":"https:\/\/favistor.es\/index.php?rest_route=\/wp\/v2\/product\/13467\/revisions\/13469"}],"wp:featuredmedia":[{"embeddable":true,"href":"https:\/\/favistor.es\/index.php?rest_route=\/wp\/v2\/media\/13468"}],"wp:attachment":[{"href":"https:\/\/favistor.es\/index.php?rest_route=%2Fwp%2Fv2%2Fmedia&parent=13467"}],"wp:term":[{"taxonomy":"product_brand","embeddable":true,"href":"https:\/\/favistor.es\/index.php?rest_route=%2Fwp%2Fv2%2Fproduct_brand&post=13467"},{"taxonomy":"product_cat","embeddable":true,"href":"https:\/\/favistor.es\/index.php?rest_route=%2Fwp%2Fv2%2Fproduct_cat&post=13467"},{"taxonomy":"product_tag","embeddable":true,"href":"https:\/\/favistor.es\/index.php?rest_route=%2Fwp%2Fv2%2Fproduct_tag&post=13467"}],"curies":[{"name":"wp","href":"https:\/\/api.w.org\/{rel}","templated":true}]}}