
{"id":13470,"date":"2023-02-15T20:11:19","date_gmt":"2023-02-15T19:11:19","guid":{"rendered":"https:\/\/favistor.es\/?post_type=product&#038;p=13470"},"modified":"2023-02-15T20:11:19","modified_gmt":"2023-02-15T19:11:19","slug":"gerador-de-energia-seclin-godin-7kw","status":"publish","type":"product","link":"https:\/\/favistor.es\/?product=gerador-de-energia-seclin-godin-7kw","title":{"rendered":"Gerador de energia Seclin Godin 7kW"},"content":{"rendered":"<p>Seclin: uma salamandra a lenha de estilo tradicional, 100% made in France<br \/>\nDestaca-se a salamandra Seclin com uma chamin\u00e9 que pode receber lenha at\u00e9 57 cm! Com seus 7 kW de pot\u00eancia e sua efici\u00eancia de 76%; tem todas as vantagens de difundir um calor suave e uniforme durante longas horas na sua sala. Feito na Fran\u00e7a; o Seclin difunde seu calor at\u00e9 96 m\u00b2.<\/p>\n<p>Em termos de facilidade de uso; carregamento frontal \u00e9 f\u00e1cil; enquanto um sistema de regula\u00e7\u00e3o manual do ar permite modular e controlar a temperatura desejada no interior.<\/p>\n<p>Pontos fortes<br \/>\nfeito em franc\u00eas<br \/>\nVolume de aquecimento: de 36 a 96 m\u00b2 \/ 90 a 240 m3<br \/>\nTroncos at\u00e9 57 cm<br \/>\ndesign moderno e limpo<br \/>\nIntegra\u00e7\u00e3o harmoniosa em todas as decora\u00e7\u00f5es de interiores.<br \/>\nClasse energ\u00e9tica: A<br \/>\nGarantia: 6 anos<br \/>\nSobre o fog\u00e3o a lenha Seclin Godin<br \/>\nConforto de uso ideal<br \/>\nA excel\u00eancia francesa \u00e9 a marca registrada da Godin. Isso se traduz na fabrica\u00e7\u00e3o de produtos de alto desempenho e f\u00e1ceis de usar. Basta carregar a lenha na salamandra Seclin pela frente para um calor suave na sua sala de estar. A salamandra Seclin \u00e9 particularmente agrad\u00e1vel de usar com a sua grande lareira que lhe permite acomodar lenha at\u00e9 57 cm. A vantagem: utiliza\u00e7\u00e3o simplificada e horas de aquecimento prolongadas.<\/p>\n<p>qualidade francesa<br \/>\nO fog\u00e3o a lenha Seclin combina tradi\u00e7\u00e3o e modernidade com curvas retas e vidros arredondados. Este modelo ilustra perfeitamente o estilo franc\u00eas Godin com:<\/p>\n<p>Puxadores antracite cuidadosamente integrados<br \/>\nUm revestimento preto antracite refinado<br \/>\num design limpo<br \/>\nUma janela arredondada na parte superior.<br \/>\nInforma\u00e7\u00f5es adicionais sobre o fog\u00e3o SECLIN Godin<br \/>\nBocal de arranque \u00d8 153 mm int; 180mm ext.<br \/>\nDist\u00e2ncia ao solo sobre o bocal da bagageira traseira: 66,5 cm<br \/>\nCumpre a norma NF EN 13240<br \/>\nA marca Godin<br \/>\nFoi em 1840 que Jean Baptiste Andr\u00e9 Godin substituiu o tradicional fog\u00e3o de chapa por um fog\u00e3o de ferro fundido esmaltado. Hoje; Godin tornou-se um nome gen\u00e9rico; popular e sin\u00f4nimo de aquecimento de qualidade. Sua produ\u00e7\u00e3o \u00e9 francesa; a empresa manteve suas 2 fundi\u00e7\u00f5es em Guise; em Hauts de France. Como o Petit Godin desenhado pelo criador da marca; os produtos devem a sua qualidade ao dom\u00ednio do ferro fundido.<\/p>\n","protected":false},"excerpt":{"rendered":"<p>Seclin Godin estufa de le\u00f1a 7kW<\/p>\n","protected":false},"featured_media":13471,"comment_status":"open","ping_status":"closed","template":"","meta":[],"product_brand":[],"product_cat":[77],"product_tag":[],"class_list":{"0":"post-13470","1":"product","2":"type-product","3":"status-publish","4":"has-post-thumbnail","6":"product_cat-fogoes-a-lenha","8":"first","9":"instock","10":"shipping-taxable","11":"purchasable","12":"product-type-simple"},"jetpack_sharing_enabled":true,"_links":{"self":[{"href":"https:\/\/favistor.es\/index.php?rest_route=\/wp\/v2\/product\/13470","targetHints":{"allow":["GET"]}}],"collection":[{"href":"https:\/\/favistor.es\/index.php?rest_route=\/wp\/v2\/product"}],"about":[{"href":"https:\/\/favistor.es\/index.php?rest_route=\/wp\/v2\/types\/product"}],"replies":[{"embeddable":true,"href":"https:\/\/favistor.es\/index.php?rest_route=%2Fwp%2Fv2%2Fcomments&post=13470"}],"version-history":[{"count":1,"href":"https:\/\/favistor.es\/index.php?rest_route=\/wp\/v2\/product\/13470\/revisions"}],"predecessor-version":[{"id":13472,"href":"https:\/\/favistor.es\/index.php?rest_route=\/wp\/v2\/product\/13470\/revisions\/13472"}],"wp:featuredmedia":[{"embeddable":true,"href":"https:\/\/favistor.es\/index.php?rest_route=\/wp\/v2\/media\/13471"}],"wp:attachment":[{"href":"https:\/\/favistor.es\/index.php?rest_route=%2Fwp%2Fv2%2Fmedia&parent=13470"}],"wp:term":[{"taxonomy":"product_brand","embeddable":true,"href":"https:\/\/favistor.es\/index.php?rest_route=%2Fwp%2Fv2%2Fproduct_brand&post=13470"},{"taxonomy":"product_cat","embeddable":true,"href":"https:\/\/favistor.es\/index.php?rest_route=%2Fwp%2Fv2%2Fproduct_cat&post=13470"},{"taxonomy":"product_tag","embeddable":true,"href":"https:\/\/favistor.es\/index.php?rest_route=%2Fwp%2Fv2%2Fproduct_tag&post=13470"}],"curies":[{"name":"wp","href":"https:\/\/api.w.org\/{rel}","templated":true}]}}