
{"id":14278,"date":"2025-06-04T13:00:48","date_gmt":"2025-06-04T12:00:48","guid":{"rendered":"https:\/\/favistor.es\/?post_type=product&#038;p=14278"},"modified":"2025-06-04T13:00:49","modified_gmt":"2025-06-04T12:00:49","slug":"maquina-lavar-louca-bosch-sms-25aw05-e","status":"publish","type":"product","link":"https:\/\/favistor.es\/?product=maquina-lavar-louca-bosch-sms-25aw05-e","title":{"rendered":"M\u00c1QUINA LAVAR LOU\u00c7A BOSCH SMS 25AW05 E"},"content":{"rendered":"<ul class=\"group\" data-group=\"DADOS\">\n<li style=\"list-style-type: none;\">\n<ul class=\"group\" data-group=\"DADOS\">\n<li class=\"title\">DADOS<\/li>\n<\/ul>\n<\/li>\n<\/ul>\n<div class=\"characteristic-group\">\n<ul>\n<li class=\"designation fl\">Marca<\/li>\n<li class=\"value fr\">Bosch<\/li>\n<\/ul>\n<\/div>\n<div class=\"characteristic-group\">\n<ul>\n<li class=\"designation fl\">Modelo<\/li>\n<li class=\"value fr\">SMS25AW05E<\/li>\n<\/ul>\n<\/div>\n<div class=\"characteristic-group\">\n<ul>\n<li class=\"designation fl\">C\u00f3digo Produto<\/li>\n<li class=\"value fr\">SMS25AW05E<\/li>\n<\/ul>\n<\/div>\n<div class=\"characteristic-group\">\n<ul>\n<li class=\"designation fl\">EAN<\/li>\n<li class=\"value fr\">4242002996967<\/li>\n<\/ul>\n<\/div>\n<ul class=\"group\" data-group=\"MARCA\">\n<li style=\"list-style-type: none;\">\n<ul class=\"group\" data-group=\"MARCA\">\n<li class=\"title\">MARCA<\/li>\n<\/ul>\n<\/li>\n<\/ul>\n<div class=\"characteristic-group\">\n<ul>\n<li class=\"designation fl\">Marca<\/li>\n<li class=\"value fr\">BOSCH<\/li>\n<\/ul>\n<\/div>\n<ul class=\"group\" data-group=\"PESOS E DIMENS\u00f5ES\">\n<li style=\"list-style-type: none;\">\n<ul class=\"group\" data-group=\"PESOS E DIMENS\u00f5ES\">\n<li class=\"title\">PESOS E DIMENS\u00d5ES<\/li>\n<\/ul>\n<\/li>\n<\/ul>\n<div class=\"characteristic-group\">\n<ul>\n<li class=\"designation fl\">Largura<\/li>\n<li class=\"value fr\">600 mm<\/li>\n<\/ul>\n<\/div>\n<div class=\"characteristic-group\">\n<ul>\n<li class=\"designation fl\">Peso<\/li>\n<li class=\"value fr\">47 kg<\/li>\n<\/ul>\n<\/div>\n<div class=\"characteristic-group\">\n<ul>\n<li class=\"designation fl\">Altura<\/li>\n<li class=\"value fr\">845 mm<\/li>\n<\/ul>\n<\/div>\n<div class=\"characteristic-group\">\n<ul>\n<li class=\"designation fl\">Profundidade com porta aberta<\/li>\n<li class=\"value fr\">115,5 cm<\/li>\n<\/ul>\n<\/div>\n<div class=\"characteristic-group\">\n<ul>\n<li class=\"designation fl\">Altura abaixo da bancada<\/li>\n<li class=\"value fr\">81,5 cm<\/li>\n<\/ul>\n<\/div>\n<ul class=\"group\" data-group=\"GEST\u00e3O DE ENERGIA\">\n<li style=\"list-style-type: none;\">\n<ul class=\"group\" data-group=\"GEST\u00e3O DE ENERGIA\">\n<li class=\"title\">GEST\u00c3O DE ENERGIA<\/li>\n<\/ul>\n<\/li>\n<\/ul>\n<div class=\"characteristic-group\">\n<ul>\n<li class=\"designation fl\">Carga ligada<\/li>\n<li class=\"value fr\">2400 W<\/li>\n<\/ul>\n<\/div>\n<div class=\"characteristic-group\">\n<ul>\n<li class=\"designation fl\">Voltagem de entrada AC<\/li>\n<li class=\"value fr\">220 &#8211; 240 V<\/li>\n<\/ul>\n<\/div>\n<div class=\"characteristic-group\">\n<ul>\n<li class=\"designation fl\">Frequ\u00eancia de entrada AC<\/li>\n<li class=\"value fr\">50 &#8211; 60 Hz<\/li>\n<\/ul>\n<\/div>\n<div class=\"characteristic-group\">\n<ul>\n<li class=\"designation fl\">Classe de efici\u00eancia energ\u00e9tica<\/li>\n<li class=\"value fr\">E<\/li>\n<\/ul>\n<\/div>\n<div class=\"characteristic-group\">\n<ul>\n<li class=\"designation fl\">Escala de efici\u00eancia energ\u00e9tica<\/li>\n<li class=\"value fr\">A a G<\/li>\n<\/ul>\n<\/div>\n<div class=\"characteristic-group\">\n<ul>\n<li class=\"designation fl\">Corrente<\/li>\n<li class=\"value fr\">10 A<\/li>\n<\/ul>\n<\/div>\n<div class=\"characteristic-group\">\n<ul>\n<li class=\"designation fl\">Consumo de \u00e1gua por ciclo<\/li>\n<li class=\"value fr\">9,5 l<\/li>\n<\/ul>\n<\/div>\n<div class=\"characteristic-group\">\n<ul>\n<li class=\"designation fl\">Consumo de energia por 100 ciclos<\/li>\n<li class=\"value fr\">92 kWh<\/li>\n<\/ul>\n<\/div>\n<div class=\"characteristic-group\">\n<ul>\n<li class=\"designation fl\">Consumo de energia (desligado)<\/li>\n<li class=\"value fr\">0,1 W<\/li>\n<\/ul>\n<\/div>\n<div class=\"characteristic-group\">\n<ul>\n<li class=\"designation fl\">Consumo de energia por ciclo<\/li>\n<li class=\"value fr\">0,9 kWh<\/li>\n<\/ul>\n<\/div>\n<ul class=\"group\" data-group=\"DESEMPENHO\">\n<li style=\"list-style-type: none;\">\n<ul class=\"group\" data-group=\"DESEMPENHO\">\n<li class=\"title\">DESEMPENHO<\/li>\n<\/ul>\n<\/li>\n<\/ul>\n<div class=\"characteristic-group\">\n<ul>\n<li class=\"designation fl\">N\u00edvel de ru\u00eddo<\/li>\n<li class=\"value fr\">48 dB<\/li>\n<\/ul>\n<\/div>\n<div class=\"characteristic-group\">\n<ul>\n<li class=\"designation fl\">Classe de emiss\u00e3o de ru\u00eddo<\/li>\n<li class=\"value fr\">C<\/li>\n<\/ul>\n<\/div>\n<div class=\"characteristic-group\">\n<ul>\n<li class=\"designation fl\">Temperatura (m\u00e1x.)<\/li>\n<li class=\"value fr\">70 \u00b0C<\/li>\n<\/ul>\n<\/div>\n<div class=\"characteristic-group\">\n<ul>\n<li class=\"designation fl\">Prote\u00e7\u00e3o contra transbordo<\/li>\n<li class=\"value fr\">Sim<\/li>\n<\/ul>\n<\/div>\n<div class=\"characteristic-group\">\n<ul>\n<li class=\"designation fl\">Tempo de ciclo<\/li>\n<li class=\"value fr\">210 min<\/li>\n<\/ul>\n<\/div>\n<div class=\"characteristic-group\">\n<ul>\n<li class=\"designation fl\">Temporizador de arranque atrasado<\/li>\n<li class=\"value fr\">Sim<\/li>\n<\/ul>\n<\/div>\n<div class=\"characteristic-group\">\n<ul>\n<li class=\"designation fl\">Quantidade de programas de lavagem<\/li>\n<li class=\"value fr\">5<\/li>\n<\/ul>\n<\/div>\n<div class=\"characteristic-group\">\n<ul>\n<li class=\"designation fl\">Atraso de in\u00edcio (m\u00e1x.)<\/li>\n<li class=\"value fr\">24 h<\/li>\n<\/ul>\n<\/div>\n<div class=\"characteristic-group\">\n<ul>\n<li class=\"designation fl\">Temporizador inclu\u00eddo<\/li>\n<li class=\"value fr\">Sim<\/li>\n<\/ul>\n<\/div>\n<div class=\"characteristic-group\">\n<ul>\n<li class=\"designation fl\">Fun\u00e7\u00e3o aquaStop<\/li>\n<li class=\"value fr\">Sim<\/li>\n<\/ul>\n<\/div>\n<div class=\"characteristic-group\">\n<ul>\n<li class=\"designation fl\">Meia carga<\/li>\n<li class=\"value fr\">Sim<\/li>\n<\/ul>\n<\/div>\n<div class=\"characteristic-group\">\n<ul>\n<li class=\"designation fl\">Sistema de secagem<\/li>\n<li class=\"value fr\">Permutador de calor<\/li>\n<\/ul>\n<\/div>\n<div class=\"characteristic-group\">\n<ul>\n<li class=\"designation fl\">N\u00famero de ajustes de temperatura<\/li>\n<li class=\"value fr\">3<\/li>\n<\/ul>\n<\/div>\n<div class=\"characteristic-group\">\n<ul>\n<li class=\"designation fl\">Fun\u00e7\u00e3o aquaSensor<\/li>\n<li class=\"value fr\">Sim<\/li>\n<\/ul>\n<\/div>\n<div class=\"characteristic-group\">\n<ul>\n<li class=\"designation fl\">Prote\u00e7\u00e3o de vidro<\/li>\n<li class=\"value fr\">Sim<\/li>\n<\/ul>\n<\/div>\n<div class=\"characteristic-group\">\n<ul>\n<li class=\"designation fl\">N\u00famero de talheres<\/li>\n<li class=\"value fr\">12 talheres<\/li>\n<\/ul>\n<\/div>\n<ul class=\"group\" data-group=\"DESIGN\">\n<li style=\"list-style-type: none;\">\n<ul class=\"group\" data-group=\"DESIGN\">\n<li class=\"title\">DESIGN<\/li>\n<\/ul>\n<\/li>\n<\/ul>\n<div class=\"characteristic-group\">\n<ul>\n<li class=\"designation fl\">Visor incorporado<\/li>\n<li class=\"value fr\">Sim<\/li>\n<\/ul>\n<\/div>\n<div class=\"characteristic-group\">\n<ul>\n<li class=\"designation fl\">Certifica\u00e7\u00e3o<\/li>\n<li class=\"value fr\">CE, VDE<\/li>\n<\/ul>\n<\/div>\n<div class=\"characteristic-group\">\n<ul>\n<li class=\"designation fl\">Cor do painel de controlo<\/li>\n<li class=\"value fr\">Branco<\/li>\n<\/ul>\n<\/div>\n<div class=\"characteristic-group\">\n<ul>\n<li class=\"designation fl\">Local de coloca\u00e7\u00e3o<\/li>\n<li class=\"value fr\">Independente<\/li>\n<\/ul>\n<\/div>\n<div class=\"characteristic-group\">\n<ul>\n<li class=\"designation fl\">Comprimento do fio<\/li>\n<li class=\"value fr\">1,75 m<\/li>\n<\/ul>\n<\/div>\n<div class=\"characteristic-group\">\n<ul>\n<li class=\"designation fl\">Tamanho do produto<\/li>\n<li class=\"value fr\">Tamanho completo (60 cm)<\/li>\n<\/ul>\n<\/div>\n<div class=\"characteristic-group\">\n<ul>\n<li class=\"designation fl\">Cor da porta<\/li>\n<li class=\"value fr\">Branco<\/li>\n<\/ul>\n<\/div>\n<div class=\"characteristic-group\">\n<ul>\n<li class=\"designation fl\">Altura ajust\u00e1vel do cesto superior<\/li>\n<li class=\"value fr\">Sim<\/li>\n<\/ul>\n<\/div>\n<div class=\"characteristic-group\">\n<ul>\n<li class=\"designation fl\">Comprimento da mangueira de sa\u00edda<\/li>\n<li class=\"value fr\">1,65 m<\/li>\n<\/ul>\n<\/div>\n<div class=\"characteristic-group\">\n<ul>\n<li class=\"designation fl\">Comprimento da mangueira de entrada<\/li>\n<li class=\"value fr\">1,9 m<\/li>\n<\/ul>\n<\/div>\n<div class=\"characteristic-group\">\n<ul>\n<li class=\"designation fl\">Tipo de compartimento de cutelaria<\/li>\n<li class=\"value fr\">Cesto<\/li>\n<\/ul>\n<\/div>\n<div class=\"characteristic-group\">\n<ul>\n<li class=\"designation fl\">Amaciador integrado<\/li>\n<li class=\"value fr\">Sim<\/li>\n<\/ul>\n<\/div>\n<div class=\"characteristic-group\">\n<ul>\n<li class=\"designation fl\">Tamanho m\u00e1ximo de prato (prateleira superior)<\/li>\n<li class=\"value fr\">22 cm<\/li>\n<\/ul>\n<\/div>\n<div class=\"characteristic-group\">\n<ul>\n<li class=\"designation fl\">Tamanho m\u00e1ximo de prato (prateleira inferior)<\/li>\n<li class=\"value fr\">30 cm<\/li>\n<\/ul>\n<\/div>\n<div class=\"characteristic-group\">\n<ul>\n<li class=\"designation fl\">Material da cuba<\/li>\n<li class=\"value fr\">Pl\u00e1stico<\/li>\n<\/ul>\n<\/div>\n<ul class=\"group\" data-group=\"ERGONOMIA\">\n<li style=\"list-style-type: none;\">\n<ul class=\"group\" data-group=\"ERGONOMIA\">\n<li class=\"title\">ERGONOMIA<\/li>\n<\/ul>\n<\/li>\n<\/ul>\n<div class=\"characteristic-group\">\n<ul>\n<li class=\"designation fl\">Restante tempo indicado<\/li>\n<li class=\"value fr\">Sim<\/li>\n<\/ul>\n<\/div>\n<div class=\"characteristic-group\">\n<ul>\n<li class=\"designation fl\">Indicador de sal<\/li>\n<li class=\"value fr\">Sim<\/li>\n<\/ul>\n<\/div>\n<div class=\"characteristic-group\">\n<ul>\n<li class=\"designation fl\">Indicador de ajuda a enxaguar<\/li>\n<li class=\"value fr\">Sim<\/li>\n<\/ul>\n<\/div>\n<div class=\"characteristic-group\">\n<ul>\n<li class=\"designation fl\">Dete\u00e7\u00e3o autom\u00e1tica de detergente<\/li>\n<li class=\"value fr\">Sim<\/li>\n<\/ul>\n<\/div>\n","protected":false},"excerpt":{"rendered":"<div id=\"designation\" class=\"designation fl\">\n<h1><small title=\"Capacidade (T) 12 Conjuntos, Branco\">(Capacidade (T) 12 Conjuntos, Branco)<\/small><\/h1>\n<\/div>\n<div class=\"header-bottom\">\n<div id=\"netreviews\" class=\"NETREVIEWS_PRODUCT_STARS fl\" data-product-id=\"51055\" data-goto=\"#netreviews\">\n<div class=\"netreviews_review_rate_and_stars product_stars\">\n<div class=\"netreviews_reviews_rate\"><\/div>\n<\/div>\n<\/div>\n<\/div>\n","protected":false},"featured_media":14279,"comment_status":"open","ping_status":"closed","template":"","meta":[],"product_brand":[],"product_cat":[86],"product_tag":[],"class_list":{"0":"post-14278","1":"product","2":"type-product","3":"status-publish","4":"has-post-thumbnail","6":"product_cat-lava-loucas","8":"first","9":"instock","10":"sale","11":"shipping-taxable","12":"purchasable","13":"product-type-simple"},"jetpack_sharing_enabled":true,"_links":{"self":[{"href":"https:\/\/favistor.es\/index.php?rest_route=\/wp\/v2\/product\/14278","targetHints":{"allow":["GET"]}}],"collection":[{"href":"https:\/\/favistor.es\/index.php?rest_route=\/wp\/v2\/product"}],"about":[{"href":"https:\/\/favistor.es\/index.php?rest_route=\/wp\/v2\/types\/product"}],"replies":[{"embeddable":true,"href":"https:\/\/favistor.es\/index.php?rest_route=%2Fwp%2Fv2%2Fcomments&post=14278"}],"version-history":[{"count":1,"href":"https:\/\/favistor.es\/index.php?rest_route=\/wp\/v2\/product\/14278\/revisions"}],"predecessor-version":[{"id":14289,"href":"https:\/\/favistor.es\/index.php?rest_route=\/wp\/v2\/product\/14278\/revisions\/14289"}],"wp:featuredmedia":[{"embeddable":true,"href":"https:\/\/favistor.es\/index.php?rest_route=\/wp\/v2\/media\/14279"}],"wp:attachment":[{"href":"https:\/\/favistor.es\/index.php?rest_route=%2Fwp%2Fv2%2Fmedia&parent=14278"}],"wp:term":[{"taxonomy":"product_brand","embeddable":true,"href":"https:\/\/favistor.es\/index.php?rest_route=%2Fwp%2Fv2%2Fproduct_brand&post=14278"},{"taxonomy":"product_cat","embeddable":true,"href":"https:\/\/favistor.es\/index.php?rest_route=%2Fwp%2Fv2%2Fproduct_cat&post=14278"},{"taxonomy":"product_tag","embeddable":true,"href":"https:\/\/favistor.es\/index.php?rest_route=%2Fwp%2Fv2%2Fproduct_tag&post=14278"}],"curies":[{"name":"wp","href":"https:\/\/api.w.org\/{rel}","templated":true}]}}