
{"id":14346,"date":"2025-10-17T06:57:24","date_gmt":"2025-10-17T05:57:24","guid":{"rendered":"https:\/\/favistor.es\/?post_type=product&#038;p=14346"},"modified":"2025-11-26T06:31:44","modified_gmt":"2025-11-26T06:31:44","slug":"pellet-din-pellets-palete-com-65-sacos-de-15-kg","status":"publish","type":"product","link":"https:\/\/favistor.es\/?product=pellet-din-pellets-palete-com-65-sacos-de-15-kg","title":{"rendered":"Pellet Din Pellets \u2013 Palete com 65 sacos de 15 kg"},"content":{"rendered":"<p data-start=\"50\" data-end=\"103\"><strong data-start=\"50\" data-end=\"103\">Pellet Din Pellets \u2013 Palete com 65 sacos de 15 kg<\/strong><\/p>\n<p data-start=\"105\" data-end=\"522\">Os Pellet Din Pellets s\u00e3o a op\u00e7\u00e3o perfeita para quem procura um aquecimento eficiente, econ\u00f3mico e ecol\u00f3gico. Esta palete com 65 sacos de 15 kg \u00e9 composta por pellets de alta qualidade, fabricados com madeira 100% natural e renov\u00e1vel. Com baixo teor de humidade e elevado poder calor\u00edfico, estes pellets garantem uma combust\u00e3o eficiente e limpa, ideal para salamandras, caldeiras e sistemas de aquecimento a biomassa.<\/p>\n<p data-start=\"524\" data-end=\"544\"><strong data-start=\"524\" data-end=\"544\">Caracter\u00edsticas:<\/strong><\/p>\n<ul data-start=\"546\" data-end=\"914\">\n<li data-start=\"546\" data-end=\"590\">\n<p data-start=\"548\" data-end=\"590\">Quantidade: 65 sacos de 15 kg por palete<\/p>\n<\/li>\n<li data-start=\"591\" data-end=\"639\">\n<p data-start=\"593\" data-end=\"639\">Composi\u00e7\u00e3o: 100% madeira natural e renov\u00e1vel<\/p>\n<\/li>\n<li data-start=\"640\" data-end=\"714\">\n<p data-start=\"642\" data-end=\"714\">Baixo teor de humidade, o que assegura uma combust\u00e3o eficiente e limpa<\/p>\n<\/li>\n<li data-start=\"715\" data-end=\"790\">\n<p data-start=\"717\" data-end=\"790\">Elevado poder calor\u00edfico, proporcionando um calor constante e duradouro<\/p>\n<\/li>\n<li data-start=\"791\" data-end=\"839\">\n<p data-start=\"793\" data-end=\"839\">Baixo n\u00edvel de cinzas, facilitando a limpeza<\/p>\n<\/li>\n<li data-start=\"840\" data-end=\"914\">\n<p data-start=\"842\" data-end=\"914\">Ideal para salamandras, caldeiras e sistemas de aquecimento a biomassa<\/p>\n<\/li>\n<\/ul>\n<p data-start=\"916\" data-end=\"931\"><strong data-start=\"916\" data-end=\"931\">Benef\u00edcios:<\/strong><\/p>\n<ul data-start=\"933\" data-end=\"1258\">\n<li data-start=\"933\" data-end=\"994\">\n<p data-start=\"935\" data-end=\"994\">Efici\u00eancia energ\u00e9tica, reduzindo os custos de aquecimento<\/p>\n<\/li>\n<li data-start=\"995\" data-end=\"1071\">\n<p data-start=\"997\" data-end=\"1071\">Ecol\u00f3gicos e sustent\u00e1veis, produzidos com madeira de fontes respons\u00e1veis<\/p>\n<\/li>\n<li data-start=\"1072\" data-end=\"1142\">\n<p data-start=\"1074\" data-end=\"1142\">F\u00e1cil de armazenar e manusear, gra\u00e7as ao formato em sacos de 15 kg<\/p>\n<\/li>\n<li data-start=\"1143\" data-end=\"1198\">\n<p data-start=\"1145\" data-end=\"1198\">Baixas emiss\u00f5es de CO2, respeitando o meio ambiente<\/p>\n<\/li>\n<li data-start=\"1199\" data-end=\"1258\">\n<p data-start=\"1201\" data-end=\"1258\">Combust\u00e3o limpa, com m\u00ednima produ\u00e7\u00e3o de res\u00edduos e fumo<\/p>\n<\/li>\n<\/ul>\n<p data-start=\"1260\" data-end=\"1395\">Com os Pellet Din Pellets, poder\u00e1 desfrutar de um aquecimento de alto rendimento, eficiente e amigo do ambiente durante todo o inverno.<\/p>\n","protected":false},"excerpt":{"rendered":"<p><strong data-start=\"41\" data-end=\"122\">DIN PELLETS \u2013 Pellets de madeira, certificados DIN Plus e 100% madeira macia.<\/strong><br data-start=\"122\" data-end=\"125\" \/>Fabricados no norte de Portugal, para um produto de proximidade e de alta qualidade.<\/p>\n","protected":false},"featured_media":14351,"comment_status":"open","ping_status":"closed","template":"","meta":[],"product_brand":[],"product_cat":[76],"product_tag":[],"class_list":{"0":"post-14346","1":"product","2":"type-product","3":"status-publish","4":"has-post-thumbnail","6":"product_cat-pellets-e-granulos","8":"first","9":"instock","10":"shipping-taxable","11":"purchasable","12":"product-type-simple"},"jetpack_sharing_enabled":true,"_links":{"self":[{"href":"https:\/\/favistor.es\/index.php?rest_route=\/wp\/v2\/product\/14346","targetHints":{"allow":["GET"]}}],"collection":[{"href":"https:\/\/favistor.es\/index.php?rest_route=\/wp\/v2\/product"}],"about":[{"href":"https:\/\/favistor.es\/index.php?rest_route=\/wp\/v2\/types\/product"}],"replies":[{"embeddable":true,"href":"https:\/\/favistor.es\/index.php?rest_route=%2Fwp%2Fv2%2Fcomments&post=14346"}],"version-history":[{"count":1,"href":"https:\/\/favistor.es\/index.php?rest_route=\/wp\/v2\/product\/14346\/revisions"}],"predecessor-version":[{"id":14350,"href":"https:\/\/favistor.es\/index.php?rest_route=\/wp\/v2\/product\/14346\/revisions\/14350"}],"wp:featuredmedia":[{"embeddable":true,"href":"https:\/\/favistor.es\/index.php?rest_route=\/wp\/v2\/media\/14351"}],"wp:attachment":[{"href":"https:\/\/favistor.es\/index.php?rest_route=%2Fwp%2Fv2%2Fmedia&parent=14346"}],"wp:term":[{"taxonomy":"product_brand","embeddable":true,"href":"https:\/\/favistor.es\/index.php?rest_route=%2Fwp%2Fv2%2Fproduct_brand&post=14346"},{"taxonomy":"product_cat","embeddable":true,"href":"https:\/\/favistor.es\/index.php?rest_route=%2Fwp%2Fv2%2Fproduct_cat&post=14346"},{"taxonomy":"product_tag","embeddable":true,"href":"https:\/\/favistor.es\/index.php?rest_route=%2Fwp%2Fv2%2Fproduct_tag&post=14346"}],"curies":[{"name":"wp","href":"https:\/\/api.w.org\/{rel}","templated":true}]}}