
{"id":14393,"date":"2025-11-24T21:05:23","date_gmt":"2025-11-24T21:05:23","guid":{"rendered":"https:\/\/favistor.es\/?post_type=product&#038;p=14393"},"modified":"2025-11-24T21:05:23","modified_gmt":"2025-11-24T21:05:23","slug":"pellet-nova-lenha-77-sacos-de-15-kg","status":"publish","type":"product","link":"https:\/\/favistor.es\/?product=pellet-nova-lenha-77-sacos-de-15-kg","title":{"rendered":"PELLET NOVA LENHA \u2013 77 sacos de 15 kg"},"content":{"rendered":"<p data-start=\"92\" data-end=\"133\"><strong data-start=\"92\" data-end=\"133\">PELLET NOVA LENHA \u2013 77 sacos de 15 kg<\/strong><\/p>\n<p data-start=\"135\" data-end=\"534\">Os pellets Nova Lenha s\u00e3o a solu\u00e7\u00e3o perfeita para um aquecimento eficiente, ecol\u00f3gico e econ\u00f3mico. Com 77 sacos de 15 kg cada, este pacote fornece uma quantidade suficiente para manter a sua casa quente por um longo per\u00edodo. Fabricados com madeira de alta qualidade e sem aditivos, os pellets Nova Lenha t\u00eam baixo teor de humidade e alto poder calor\u00edfico, garantindo uma combust\u00e3o eficiente e limpa.<\/p>\n<p data-start=\"536\" data-end=\"556\"><strong data-start=\"536\" data-end=\"556\">Caracter\u00edsticas:<\/strong><\/p>\n<ul data-start=\"558\" data-end=\"889\">\n<li data-start=\"558\" data-end=\"591\">\n<p data-start=\"560\" data-end=\"591\">Quantidade: 77 sacos de 15 kg<\/p>\n<\/li>\n<li data-start=\"592\" data-end=\"636\">\n<p data-start=\"594\" data-end=\"636\">Composi\u00e7\u00e3o: Madeira natural sem aditivos<\/p>\n<\/li>\n<li data-start=\"637\" data-end=\"697\">\n<p data-start=\"639\" data-end=\"697\">Baixo teor de humidade para uma combust\u00e3o mais eficiente<\/p>\n<\/li>\n<li data-start=\"698\" data-end=\"751\">\n<p data-start=\"700\" data-end=\"751\">Alto poder calor\u00edfico para maior dura\u00e7\u00e3o do calor<\/p>\n<\/li>\n<li data-start=\"752\" data-end=\"802\">\n<p data-start=\"754\" data-end=\"802\">Baixo n\u00edvel de cinzas para facilitar a limpeza<\/p>\n<\/li>\n<li data-start=\"803\" data-end=\"889\">\n<p data-start=\"805\" data-end=\"889\">Ecol\u00f3gicos e sustent\u00e1veis, fabricados com madeira proveniente de fontes renov\u00e1veis<\/p>\n<\/li>\n<\/ul>\n<p data-start=\"891\" data-end=\"906\"><strong data-start=\"891\" data-end=\"906\">Benef\u00edcios:<\/strong><\/p>\n<ul data-start=\"908\" data-end=\"1146\">\n<li data-start=\"908\" data-end=\"968\">\n<p data-start=\"910\" data-end=\"968\">Efici\u00eancia energ\u00e9tica que reduz os custos de aquecimento<\/p>\n<\/li>\n<li data-start=\"969\" data-end=\"1029\">\n<p data-start=\"971\" data-end=\"1029\">F\u00e1cil armazenamento gra\u00e7as \u00e0 embalagem em sacos de 15 kg<\/p>\n<\/li>\n<li data-start=\"1030\" data-end=\"1101\">\n<p data-start=\"1032\" data-end=\"1101\">Combust\u00e3o limpa e ecol\u00f3gica, com baixas emiss\u00f5es e res\u00edduos m\u00ednimos<\/p>\n<\/li>\n<li data-start=\"1102\" data-end=\"1146\">\n<p data-start=\"1104\" data-end=\"1146\">Ideal para fog\u00f5es e caldeiras a biomassa<\/p>\n<\/li>\n<\/ul>\n<p data-start=\"1148\" data-end=\"1282\">Com os pellets Nova Lenha, desfrutar\u00e1 de um aquecimento confi\u00e1vel e econ\u00f3mico, enquanto contribui para a preserva\u00e7\u00e3o do meio ambiente.<\/p>\n<p data-start=\"1284\" data-end=\"1307\"><strong data-start=\"1284\" data-end=\"1307\">Certificado A1 Plus<\/strong><\/p>\n<p data-start=\"1309\" data-end=\"1377\"><strong data-start=\"1309\" data-end=\"1324\">Composi\u00e7\u00e3o:<\/strong>\u00a0madeira de pinho 100% pura, prensada sem aditivos.<\/p>\n<p data-start=\"1379\" data-end=\"1424\"><strong data-start=\"1379\" data-end=\"1398\">Valor cal\u00f3rico:<\/strong>\u00a04700 kcal\/kg, 18 kJ\/kg.<\/p>\n<p data-start=\"1426\" data-end=\"1461\">Um palete cont\u00e9m 77 sacos de 15 kg.<\/p>\n","protected":false},"excerpt":{"rendered":"<p>PT PLUS A1<br \/>\nComposi\u00e7\u00e3o: 100% madeira de pinho pura, prensada sem aditivos<br \/>\nValor energ\u00e9tico: 4700 kcal\/kg, 18 kJ\/kg<\/p>\n<p>Oferecemos entrega gratuita em todo o Portugal e na Europa.<\/p>\n","protected":false},"featured_media":14394,"comment_status":"open","ping_status":"closed","template":"","meta":[],"product_brand":[],"product_cat":[76],"product_tag":[],"class_list":{"0":"post-14393","1":"product","2":"type-product","3":"status-publish","4":"has-post-thumbnail","6":"product_cat-pellets-e-granulos","8":"first","9":"instock","10":"sale","11":"shipping-taxable","12":"purchasable","13":"product-type-simple"},"jetpack_sharing_enabled":true,"_links":{"self":[{"href":"https:\/\/favistor.es\/index.php?rest_route=\/wp\/v2\/product\/14393","targetHints":{"allow":["GET"]}}],"collection":[{"href":"https:\/\/favistor.es\/index.php?rest_route=\/wp\/v2\/product"}],"about":[{"href":"https:\/\/favistor.es\/index.php?rest_route=\/wp\/v2\/types\/product"}],"replies":[{"embeddable":true,"href":"https:\/\/favistor.es\/index.php?rest_route=%2Fwp%2Fv2%2Fcomments&post=14393"}],"version-history":[{"count":1,"href":"https:\/\/favistor.es\/index.php?rest_route=\/wp\/v2\/product\/14393\/revisions"}],"predecessor-version":[{"id":14398,"href":"https:\/\/favistor.es\/index.php?rest_route=\/wp\/v2\/product\/14393\/revisions\/14398"}],"wp:featuredmedia":[{"embeddable":true,"href":"https:\/\/favistor.es\/index.php?rest_route=\/wp\/v2\/media\/14394"}],"wp:attachment":[{"href":"https:\/\/favistor.es\/index.php?rest_route=%2Fwp%2Fv2%2Fmedia&parent=14393"}],"wp:term":[{"taxonomy":"product_brand","embeddable":true,"href":"https:\/\/favistor.es\/index.php?rest_route=%2Fwp%2Fv2%2Fproduct_brand&post=14393"},{"taxonomy":"product_cat","embeddable":true,"href":"https:\/\/favistor.es\/index.php?rest_route=%2Fwp%2Fv2%2Fproduct_cat&post=14393"},{"taxonomy":"product_tag","embeddable":true,"href":"https:\/\/favistor.es\/index.php?rest_route=%2Fwp%2Fv2%2Fproduct_tag&post=14393"}],"curies":[{"name":"wp","href":"https:\/\/api.w.org\/{rel}","templated":true}]}}