
{"id":14407,"date":"2025-11-24T21:22:40","date_gmt":"2025-11-24T21:22:40","guid":{"rendered":"https:\/\/favistor.es\/?post_type=product&#038;p=14407"},"modified":"2025-11-24T21:22:40","modified_gmt":"2025-11-24T21:22:40","slug":"woodstock-qualidade-premium-palete-com-78-sacos-de-15-kg","status":"publish","type":"product","link":"https:\/\/favistor.es\/?product=woodstock-qualidade-premium-palete-com-78-sacos-de-15-kg","title":{"rendered":"WOODSTOCK Qualidade Premium \u2013 Palete com 78 sacos de 15 kg"},"content":{"rendered":"<p data-start=\"152\" data-end=\"214\"><strong data-start=\"152\" data-end=\"214\">WOODSTOCK Qualidade Premium \u2013 Palete com 78 sacos de 15 kg<\/strong><\/p>\n<p data-start=\"216\" data-end=\"724\">Os pellets WOODSTOCK Qualidade Premium s\u00e3o a op\u00e7\u00e3o ideal para quem procura um aquecimento eficiente e ecol\u00f3gico. Esta palete com 78 sacos de 15 kg oferece a quantidade perfeita para manter a sua casa quente durante os meses mais frios. Fabricados com madeira da mais alta qualidade, estes pellets apresentam baixo teor de humidade, garantindo uma combust\u00e3o eficiente e limpa. Al\u00e9m disso, o seu elevado poder calor\u00edfico torna-os numa op\u00e7\u00e3o econ\u00f3mica e sustent\u00e1vel para a sua salamandra ou caldeira a biomassa.<\/p>\n<p data-start=\"726\" data-end=\"746\"><strong data-start=\"726\" data-end=\"746\">Caracter\u00edsticas:<\/strong><\/p>\n<ul data-start=\"748\" data-end=\"1071\">\n<li data-start=\"748\" data-end=\"792\">\n<p data-start=\"750\" data-end=\"792\">Quantidade: 78 sacos de 15 kg por palete<\/p>\n<\/li>\n<li data-start=\"793\" data-end=\"841\">\n<p data-start=\"795\" data-end=\"841\">Composi\u00e7\u00e3o: 100% madeira natural e renov\u00e1vel<\/p>\n<\/li>\n<li data-start=\"842\" data-end=\"909\">\n<p data-start=\"844\" data-end=\"909\">Baixo teor de humidade, garantindo uma combust\u00e3o mais eficiente<\/p>\n<\/li>\n<li data-start=\"910\" data-end=\"972\">\n<p data-start=\"912\" data-end=\"972\">Alto poder calor\u00edfico, para um calor duradouro e constante<\/p>\n<\/li>\n<li data-start=\"973\" data-end=\"1021\">\n<p data-start=\"975\" data-end=\"1021\">Baixo n\u00edvel de cinzas, facilitando a limpeza<\/p>\n<\/li>\n<li data-start=\"1022\" data-end=\"1071\">\n<p data-start=\"1024\" data-end=\"1071\">Ideal para salamandras e caldeiras a biomassa<\/p>\n<\/li>\n<\/ul>\n<p data-start=\"1073\" data-end=\"1088\"><strong data-start=\"1073\" data-end=\"1088\">Benef\u00edcios:<\/strong><\/p>\n<ul data-start=\"1090\" data-end=\"1436\">\n<li data-start=\"1090\" data-end=\"1160\">\n<p data-start=\"1092\" data-end=\"1160\">Efici\u00eancia energ\u00e9tica, ajudando a reduzir os custos de aquecimento<\/p>\n<\/li>\n<li data-start=\"1161\" data-end=\"1249\">\n<p data-start=\"1163\" data-end=\"1249\">Ecol\u00f3gicos e sustent\u00e1veis, fabricados com madeira proveniente de fontes respons\u00e1veis<\/p>\n<\/li>\n<li data-start=\"1250\" data-end=\"1319\">\n<p data-start=\"1252\" data-end=\"1319\">F\u00e1cil de armazenar e manusear gra\u00e7as ao formato em sacos de 15 kg<\/p>\n<\/li>\n<li data-start=\"1320\" data-end=\"1375\">\n<p data-start=\"1322\" data-end=\"1375\">Baixas emiss\u00f5es de CO\u2082, respeitando o meio ambiente<\/p>\n<\/li>\n<li data-start=\"1376\" data-end=\"1436\">\n<p data-start=\"1378\" data-end=\"1436\">Combust\u00e3o limpa, com baixa produ\u00e7\u00e3o de cinzas e res\u00edduos<\/p>\n<\/li>\n<\/ul>\n<p data-start=\"1438\" data-end=\"1600\">Com os pellets WOODSTOCK Qualidade Premium, poder\u00e1 desfrutar de um ambiente quente e confort\u00e1vel em sua casa, enquanto contribui para a prote\u00e7\u00e3o do meio ambiente.<\/p>\n","protected":false},"excerpt":{"rendered":"<p>Ideal para recuperadores de calor a pellets, lareiras a pellets e caldeiras a pellets<br \/>\nPot\u00eancia t\u00e9rmica otimizada: N\u00edveis de humidade e p\u00f3 muito baixos para uma efici\u00eancia incompar\u00e1vel<br \/>\nCombust\u00e3o limpa: Sem danos para o planeta: cinzas m\u00ednimas<br \/>\nTamanho consistente e regular dos pellets: Facilita a alimenta\u00e7\u00e3o autom\u00e1tica do aparelho<br \/>\nCertifica\u00e7\u00e3o: DINplus \u2013 NF<\/p>\n<p>&nbsp;<\/p>\n<p>Oferecemos entrega gratuita em todo o Portugal e na Europa.<\/p>\n","protected":false},"featured_media":14408,"comment_status":"open","ping_status":"closed","template":"","meta":[],"product_brand":[],"product_cat":[76],"product_tag":[],"class_list":{"0":"post-14407","1":"product","2":"type-product","3":"status-publish","4":"has-post-thumbnail","6":"product_cat-pellets-e-granulos","8":"first","9":"instock","10":"sale","11":"shipping-taxable","12":"purchasable","13":"product-type-simple"},"jetpack_sharing_enabled":true,"_links":{"self":[{"href":"https:\/\/favistor.es\/index.php?rest_route=\/wp\/v2\/product\/14407","targetHints":{"allow":["GET"]}}],"collection":[{"href":"https:\/\/favistor.es\/index.php?rest_route=\/wp\/v2\/product"}],"about":[{"href":"https:\/\/favistor.es\/index.php?rest_route=\/wp\/v2\/types\/product"}],"replies":[{"embeddable":true,"href":"https:\/\/favistor.es\/index.php?rest_route=%2Fwp%2Fv2%2Fcomments&post=14407"}],"version-history":[{"count":1,"href":"https:\/\/favistor.es\/index.php?rest_route=\/wp\/v2\/product\/14407\/revisions"}],"predecessor-version":[{"id":14409,"href":"https:\/\/favistor.es\/index.php?rest_route=\/wp\/v2\/product\/14407\/revisions\/14409"}],"wp:featuredmedia":[{"embeddable":true,"href":"https:\/\/favistor.es\/index.php?rest_route=\/wp\/v2\/media\/14408"}],"wp:attachment":[{"href":"https:\/\/favistor.es\/index.php?rest_route=%2Fwp%2Fv2%2Fmedia&parent=14407"}],"wp:term":[{"taxonomy":"product_brand","embeddable":true,"href":"https:\/\/favistor.es\/index.php?rest_route=%2Fwp%2Fv2%2Fproduct_brand&post=14407"},{"taxonomy":"product_cat","embeddable":true,"href":"https:\/\/favistor.es\/index.php?rest_route=%2Fwp%2Fv2%2Fproduct_cat&post=14407"},{"taxonomy":"product_tag","embeddable":true,"href":"https:\/\/favistor.es\/index.php?rest_route=%2Fwp%2Fv2%2Fproduct_tag&post=14407"}],"curies":[{"name":"wp","href":"https:\/\/api.w.org\/{rel}","templated":true}]}}